{"id":10174,"date":"2018-05-23T15:47:04","date_gmt":"2018-05-23T13:47:04","guid":{"rendered":"http:\/\/altearah.be\/?page_id=10174"},"modified":"2023-09-30T08:45:39","modified_gmt":"2023-09-30T06:45:39","slug":"mentions-legales","status":"publish","type":"page","link":"https:\/\/altearah.lu\/?page_id=10174","title":{"rendered":"Mentions l\u00e9gales"},"content":{"rendered":"<h3 style=\"text-align: justify;\">Conform\u00e9ment \u00e0 la r\u00e9glementation europ\u00e9enne en mati\u00e8re de gestion des donn\u00e9es \u00e0 caract\u00e8re personnel (GDPR) du 25 mai 2018.<\/h3>\n<p>Vous trouverez ci-dessous les informations l\u00e9gales relatives aux activit\u00e9s de la sarl Carac\u2019Terre Distribution<\/p>\n<p><strong><u>Nom et adresse du <em>si\u00e8ge social<\/em>\u00a0:<\/u><\/strong><\/p>\n<p>sarl Carac\u2019Terre Distribution<br \/>\nGrand-rue, 8<br \/>\n9905 Troisvierges (Luxembourg)<br \/>\nTVA : LU27575735<\/p>\n<p><strong><u>Nom et adresse du <em>si\u00e8ge commercial<\/em>\u00a0:<\/u><\/strong><\/p>\n<p>sarl Carac\u2019Terre Distribution<br \/>\nGrand-rue, 8<br \/>\n9905 Troisvierges (Luxembourg)<br \/>\nTVA : LU27575735<\/p>\n<p><strong><u>Coordonn\u00e9es\u00a0:<\/u><\/strong><\/p>\n<p>T\u00e9l\u00a0: +32 496.62.84.85<\/p>\n<p>E-mail\u00a0: contact@caracterre.eu<\/p>\n","protected":false},"excerpt":{"rendered":"<p>Conform\u00e9ment \u00e0 la r\u00e9glementation europ\u00e9enne en mati\u00e8re de gestion des donn\u00e9es \u00e0 caract\u00e8re personnel (GDPR) du 25 mai 2018. Vous trouverez ci-dessous les informations l\u00e9gales relatives aux activit\u00e9s de la sarl Carac\u2019Terre Distribution Nom et adresse du si\u00e8ge social\u00a0: sarl Carac\u2019Terre Distribution Grand-rue, 8 9905 Troisvierges (Luxembourg) TVA : LU27575735 Nom et adresse du si\u00e8ge [&hellip;]<\/p>\n","protected":false},"author":4,"featured_media":0,"parent":0,"menu_order":0,"comment_status":"closed","ping_status":"closed","template":"","meta":[],"_links":{"self":[{"href":"https:\/\/altearah.lu\/index.php?rest_route=\/wp\/v2\/pages\/10174"}],"collection":[{"href":"https:\/\/altearah.lu\/index.php?rest_route=\/wp\/v2\/pages"}],"about":[{"href":"https:\/\/altearah.lu\/index.php?rest_route=\/wp\/v2\/types\/page"}],"author":[{"embeddable":true,"href":"https:\/\/altearah.lu\/index.php?rest_route=\/wp\/v2\/users\/4"}],"replies":[{"embeddable":true,"href":"https:\/\/altearah.lu\/index.php?rest_route=%2Fwp%2Fv2%2Fcomments&post=10174"}],"version-history":[{"count":6,"href":"https:\/\/altearah.lu\/index.php?rest_route=\/wp\/v2\/pages\/10174\/revisions"}],"predecessor-version":[{"id":25925,"href":"https:\/\/altearah.lu\/index.php?rest_route=\/wp\/v2\/pages\/10174\/revisions\/25925"}],"wp:attachment":[{"href":"https:\/\/altearah.lu\/index.php?rest_route=%2Fwp%2Fv2%2Fmedia&parent=10174"}],"curies":[{"name":"wp","href":"https:\/\/api.w.org\/{rel}","templated":true}]}}