{"id":25346,"date":"2022-10-20T12:38:47","date_gmt":"2022-10-20T10:38:47","guid":{"rendered":"https:\/\/altearah.be\/?page_id=25346"},"modified":"2024-04-16T14:12:43","modified_gmt":"2024-04-16T12:12:43","slug":"nos-expertes-certifiees","status":"publish","type":"page","link":"https:\/\/altearah.lu\/?page_id=25346","title":{"rendered":"NOS EXPERTES CERTIFIEES"},"content":{"rendered":"<p>[vc_row][vc_column][vc_column_text]\r\n<p>Vous trouverez ci-dessous les esth\u00e9ticiennes certifi\u00e9es par Altearah, ce qui signifie que toutes ont suivi l&#8217;int\u00e9gralit\u00e9 des formations de la marque.<\/p>\r\n<p>[\/vc_column_text]<hr class=\"c-divider normal m-transparent\" >[\/vc_column][\/vc_row][vc_row][vc_column width=&#8221;1\/3&#8243;]<div class=\"c-image\"><a href=\"https:\/\/altearah.lu\/wp-content\/uploads\/2022\/10\/photoSylvia-240.jpg\" class=\"no-border lightbox\"><img src=\"https:\/\/altearah.lu\/wp-content\/uploads\/2022\/10\/photoSylvia-240.jpg\" class=\" rounded\" alt=\"\" .=\"\" \/><\/a><\/div><hr class=\"c-divider normal m-transparent\" >[vc_column_text]\r\n<div class=\"wp-block-columns\">\r\n<div class=\"wp-block-column\">\r\n<p>Distributrice et formatrice Altearah pour la Belgique et le Luxembourg depuis 2011, je suis \u00e9galement praticienne de tous les protocoles Altearah dans mon centre de soins Al Chi Moon. J&#8217;y associe d&#8217;autres expertises telles que la sonoth\u00e9rapie, les \u00e9corituels et les cercles de femmes. Altearah est donc un outil pr\u00e9cieux, un concept holistique tant pour les esth\u00e9ticiennes que les th\u00e9rapeutes. Les soins &#8220;phares&#8221; du centre Al Chi Moon: la r\u00e9flexologie abdominale et les combos corps et visage personnalis\u00e9s. Dans ma trousse f\u00e9tiche: la mousse puret\u00e9 visage, le s\u00e9rum visage s\u00e9r\u00e9nit\u00e9 et le gommage \u00e9meraude. J&#8217;adore aussi aller chez mes &#8220;coll\u00e8gues&#8221; me faire g\u00e2ter avec un soin visage de l&#8217;imp\u00e9ratrice ou les soins saisonniers!<\/p>\r\n\r\n<p>Mon institut: <a href=\"https:\/\/www.alchimoon.be\/\">Al Chi Moon<\/a>, Sylvia Joris,\u00a0<strong>Grand-rue, 8, L-9905 Troisvierges<\/strong><\/p>\r\n\r\n<p>Rendez-vous: <strong>0496\/62.84.85<\/strong><\/p>\r\n<p>Suivez-moi:<\/p>\r\n<p><a href=\"https:\/\/www.facebook.com\/AlChiMoon\"><img loading=\"lazy\" class=\"alignnone wp-image-25386\" src=\"https:\/\/altearah.be\/wp-content\/uploads\/2022\/11\/facebook.png\" alt=\"\" width=\"21\" height=\"21\" srcset=\"https:\/\/altearah.lu\/wp-content\/uploads\/2022\/11\/facebook.png 120w, https:\/\/altearah.lu\/wp-content\/uploads\/2022\/11\/facebook-100x100.png 100w\" sizes=\"(max-width: 21px) 100vw, 21px\" \/><\/a> \u00a0<a href=\"https:\/\/www.instagram.com\/sylviajoris\/\"><img loading=\"lazy\" class=\"alignnone wp-image-25387\" src=\"https:\/\/altearah.be\/wp-content\/uploads\/2022\/11\/instagram.jpg\" alt=\"\" width=\"20\" height=\"20\" srcset=\"https:\/\/altearah.lu\/wp-content\/uploads\/2022\/11\/instagram.jpg 220w, https:\/\/altearah.lu\/wp-content\/uploads\/2022\/11\/instagram-100x100.jpg 100w\" sizes=\"(max-width: 20px) 100vw, 20px\" \/><\/a><\/p>\r\n<\/div>\r\n<\/div>\r\n<p>[\/vc_column_text][\/vc_column][vc_column width=&#8221;1\/3&#8243;]<div class=\"c-image\"><a href=\"https:\/\/altearah.lu\/wp-content\/uploads\/2022\/11\/AnneBolle.2.jpg\" class=\"no-border lightbox\"><img src=\"https:\/\/altearah.lu\/wp-content\/uploads\/2022\/11\/AnneBolle.2.jpg\" class=\" rounded\" alt=\"\" .=\"\" \/><\/a><\/div><hr class=\"c-divider normal m-transparent\" >[vc_column_text]\r\n<div class=\"wp-block-columns\">\r\n<div class=\"wp-block-column\">\r\n<p style=\"font-weight: 400;\">J\u2019appr\u00e9cie particuli\u00e8rement le massage Signature Emeraude car il est tr\u00e8s enveloppant, relaxant, tout en r\u00e9\u00e9nergisant et r\u00e9harmonisant le corps et l\u2019esprit. Il permet \u00e9galement une belle ouverture.<br \/>Mon produit favori est la brume clart\u00e9 visage. D\u00e8s le matin, elle me met en \u00e9veil et me permet de d\u00e9marrer ma journ\u00e9e de fa\u00e7on rayonnante.<br \/>Mon exp\u00e9rience Altearah est vraiment g\u00e9niale que ce soit au point de vue priv\u00e9 ou professionnel. Altearah, c\u2019est une super gamme de produits, de belles rencontres, des exp\u00e9riences extraordinaires, des programmes de formation comptets.<\/p>\r\n<p>Mon institut: <a href=\"https:\/\/www.hahazen.be\">HaHa Zen<\/a>, rue Royale, 37, 5630 Silenrieux<\/p>\r\n<p>Rendez-vous: <strong>0476\/86.65.25<\/strong><\/p>\r\n<p>Suivez-moi:<\/p>\r\n<p><a href=\"https:\/\/www.facebook.com\/hahazen.silenrieux\"><img loading=\"lazy\" class=\"alignnone wp-image-25386\" src=\"https:\/\/altearah.be\/wp-content\/uploads\/2022\/11\/facebook.png\" alt=\"\" width=\"21\" height=\"21\" srcset=\"https:\/\/altearah.lu\/wp-content\/uploads\/2022\/11\/facebook.png 120w, https:\/\/altearah.lu\/wp-content\/uploads\/2022\/11\/facebook-100x100.png 100w\" sizes=\"(max-width: 21px) 100vw, 21px\" \/> <\/a><a href=\"https:\/\/www.instagram.com\/haha_zen\"><img loading=\"lazy\" class=\"alignnone wp-image-25387\" src=\"https:\/\/altearah.be\/wp-content\/uploads\/2022\/11\/instagram.jpg\" alt=\"\" width=\"21\" height=\"21\" srcset=\"https:\/\/altearah.lu\/wp-content\/uploads\/2022\/11\/instagram.jpg 220w, https:\/\/altearah.lu\/wp-content\/uploads\/2022\/11\/instagram-100x100.jpg 100w\" sizes=\"(max-width: 21px) 100vw, 21px\" \/><\/a><\/p>\r\n<p>&nbsp;<\/p>\r\n<\/div>\r\n<\/div>\r\n<p>[\/vc_column_text][\/vc_column][vc_column width=&#8221;1\/3&#8243;]<div class=\"c-image\"><a href=\"https:\/\/altearah.lu\/wp-content\/uploads\/2022\/10\/sylvie-druet.jpg\" class=\"no-border lightbox\"><img src=\"https:\/\/altearah.lu\/wp-content\/uploads\/2022\/10\/sylvie-druet.jpg\" class=\" rounded\" alt=\"\" .=\"\" \/><\/a><\/div><hr class=\"c-divider normal m-transparent\" >[vc_column_text]\r\n<div class=\"wp-block-columns\">\r\n<div class=\"wp-block-column\">\r\n<p>Mon soin pr\u00e9f\u00e9r\u00e9, c&#8217;est la cure D\u00e9tox pour la l\u00e9g\u00e8ret\u00e9 de l&#8217;on ressent apr\u00e8s le soin.\u00a0 On se sent tout propre et d\u00e9gonfl\u00e9.\u00a0 Cette cure est une excellente amorce aux soins amincissants.\u00a0 \u00a0J&#8217;aime travailler le gommage aux sels de l&#8217;Himalaya car il laisse une fine couche d&#8217;huile sur la peau, plus besoin de l&#8217;hydrater apr\u00e8s la douche.\u00a0 On peut aussi l&#8217;utiliser en cure de 15 jours \u00e0 raison d&#8217;1 gommage par jour pour d\u00e9gommer les cellules mortes mais aussi travailler sur la d\u00e9tox, la fatigue, l&#8217;immunit\u00e9 ou encore la f\u00e9minit\u00e9, le drainage et la d\u00e9tente.<br \/>Les produits Altearah offrent un tr\u00e8s beau r\u00e9sultat sur les soins au quotidien et en institut mais aussi dans les soins m\u00e9dicaux pour accompagner les malades et leurs proches, les couleurs aident aussi lors des s\u00e9ances de chamanisme, de yoga, de m\u00e9ditation, &#8230;<\/p>\r\n<p>Mon institut: <a href=\"http:\/\/Facebook.com\/PhytobeauteNivelles\">Phyto-beaut\u00e9<\/a>, Sylvie Druet, <strong>rue de l&#8217;Ange, 11, 1400 Nivelles<\/strong><\/p>\r\n<p><a href=\"https:\/\/www.kalendes.com\/phytobeaute\/#\/welcome\">Rendez-vous<\/a>: <strong>067\/84 27 02<\/strong><\/p>\r\n<p>Suivez-moi:<\/p>\r\n<p><a href=\"https:\/\/www.facebook.com\/PhytobeauteNivelles\"><img loading=\"lazy\" class=\"alignnone wp-image-25386\" src=\"https:\/\/altearah.be\/wp-content\/uploads\/2022\/11\/facebook.png\" alt=\"\" width=\"21\" height=\"21\" srcset=\"https:\/\/altearah.lu\/wp-content\/uploads\/2022\/11\/facebook.png 120w, https:\/\/altearah.lu\/wp-content\/uploads\/2022\/11\/facebook-100x100.png 100w\" sizes=\"(max-width: 21px) 100vw, 21px\" \/><\/a><\/p>\r\n<\/div>\r\n<\/div>\r\n<p>[\/vc_column_text][\/vc_column][\/vc_row][vc_row][vc_column width=&#8221;1\/3&#8243;]<div class=\"c-image\"><a href=\"https:\/\/altearah.lu\/wp-content\/uploads\/2022\/11\/AngeliqueGenot.jpg\" class=\"no-border lightbox\"><img src=\"https:\/\/altearah.lu\/wp-content\/uploads\/2022\/11\/AngeliqueGenot.jpg\" class=\" rounded\" alt=\"\" .=\"\" \/><\/a><\/div><hr class=\"c-divider normal m-transparent\" >[vc_column_text]\r\n<div class=\"wp-block-columns\">\r\n<div class=\"wp-block-column\">\r\n<div dir=\"auto\">\r\n<div dir=\"auto\">Mon soin pr\u00e9f\u00e9r\u00e9 est le soin d\u00e9tox. Pas de pr\u00e9f\u00e9rence pour les produits, je les aime tous \u00e0 des degr\u00e9s diff\u00e9rents.<\/div>\r\n<div dir=\"auto\">Mon exp\u00e9rience : une belle d\u00e9couverte et enrichissante pour moi. Cela m&#8217;a permis de mieux me reconnecter \u00e0 mon moi int\u00e9rieur et de laisser libre ma cr\u00e9ativit\u00e9 afin de voyager au mieux au coeur des \u00e9motions de mes clientes.<\/div>\r\n<\/div>\r\n<p>\r\n\r\nMon institut: <a href=\"http:\/\/www.la-beaute-des-anges.sitew.com\">La beaut\u00e9 des Anges by Ang\u00e9lique<\/a>, <strong>rue Joseph Dodeur, 17, 4350 Pousset<\/strong><\/p>\r\n<p>\r\n\r\nRendez-vous: <strong>0496\/64.03.74 <\/strong>ou <strong>019\/33.24.68<\/strong><\/p>\r\n<p>Suivez-moi:<\/p>\r\n<p><a href=\"https:\/\/www.facebook.com\/angieVrambout\"><img loading=\"lazy\" class=\"alignnone wp-image-25386\" src=\"https:\/\/altearah.be\/wp-content\/uploads\/2022\/11\/facebook.png\" alt=\"\" width=\"21\" height=\"21\" srcset=\"https:\/\/altearah.lu\/wp-content\/uploads\/2022\/11\/facebook.png 120w, https:\/\/altearah.lu\/wp-content\/uploads\/2022\/11\/facebook-100x100.png 100w\" sizes=\"(max-width: 21px) 100vw, 21px\" \/><\/a><\/p>\r\n<\/div>\r\n<\/div>\r\n<p>[\/vc_column_text][\/vc_column][vc_column width=&#8221;1\/3&#8243;]<div class=\"c-image\"><a href=\"https:\/\/altearah.lu\/wp-content\/uploads\/2022\/11\/MelanieLagamme.jpg\" class=\"no-border lightbox\"><img src=\"https:\/\/altearah.lu\/wp-content\/uploads\/2022\/11\/MelanieLagamme.jpg\" class=\" rounded\" alt=\"\" .=\"\" \/><\/a><\/div><hr class=\"c-divider normal m-transparent\" >[vc_column_text]\r\n<div class=\"wp-block-columns\">\r\n<div class=\"wp-block-column\">\r\n<div dir=\"auto\">Il y a quelques ann\u00e9es j&#8217;ai d\u00e9couvert la marque Altearah, j&#8217;adore le concept entre garder mon c\u00f4t\u00e9 esth\u00e9ticienne et pouvoir l&#8217;allier au c\u00f4t\u00e9 d\u00e9veloppement personnel,\u00a0 \u00e9motionnel , \u00e9nerg\u00e9tique.<\/div>\r\n<div dir=\"auto\">\u00c7a me passionne depuis toujours !<\/div>\r\n<div dir=\"auto\">Aider les gens \u00e0 se sentir bien c&#8217;est ce qui compte pour moi.<\/div>\r\n<div dir=\"auto\">Les parfums sont tr\u00e8s efficace mais surtout tr\u00e8s rapide ! L&#8217;action est presque imm\u00e9diate!<\/div>\r\n<div dir=\"auto\">Lorsque je commence mon soin les clients sont tout de suite conquis par l&#8217;olfaction.<\/div>\r\n<div dir=\"auto\">Mon soin pr\u00e9f\u00e9r\u00e9 est le soin visage de l&#8217;imp\u00e9ratrice, un m\u00e9lange de soin liftant , de tendresse , et \u00e0 la fois tellement r\u00e9confortant et rassurant ! On a l&#8217;impression de le faire avec tant d&#8217;amour ,c&#8217;est vraiment un soin d&#8217;exception !<\/div>\r\n\r\n<p>Mon institut: Le Lac des soins, <strong>Thier de Coo, 22, 4970 Stavelot<\/strong><\/p>\r\n\r\n<p>Rendez-vous: <strong>0494\/05.33.18<\/strong><\/p>\r\n<p>Suivez-moi:<\/p>\r\n<p><a href=\"https:\/\/www.facebook.com\/lelacdessoins\"><img loading=\"lazy\" class=\"alignnone wp-image-25386\" src=\"https:\/\/altearah.be\/wp-content\/uploads\/2022\/11\/facebook.png\" alt=\"\" width=\"21\" height=\"21\" srcset=\"https:\/\/altearah.lu\/wp-content\/uploads\/2022\/11\/facebook.png 120w, https:\/\/altearah.lu\/wp-content\/uploads\/2022\/11\/facebook-100x100.png 100w\" sizes=\"(max-width: 21px) 100vw, 21px\" \/><\/a> \u00a0<a href=\"https:\/\/www.instagram.com\/lelacdessoins\/\"><img loading=\"lazy\" class=\"alignnone wp-image-25387\" src=\"https:\/\/altearah.be\/wp-content\/uploads\/2022\/11\/instagram.jpg\" alt=\"\" width=\"20\" height=\"20\" srcset=\"https:\/\/altearah.lu\/wp-content\/uploads\/2022\/11\/instagram.jpg 220w, https:\/\/altearah.lu\/wp-content\/uploads\/2022\/11\/instagram-100x100.jpg 100w\" sizes=\"(max-width: 20px) 100vw, 20px\" \/><\/a><\/p>\r\n<\/div>\r\n<\/div>\r\n<p>[\/vc_column_text][\/vc_column][vc_column width=&#8221;1\/3&#8243;]<div class=\"c-image\"><a href=\"https:\/\/altearah.lu\/wp-content\/uploads\/2023\/01\/FB_IMG_1668096309147.png\" class=\"no-border lightbox\"><img src=\"https:\/\/altearah.lu\/wp-content\/uploads\/2023\/01\/FB_IMG_1668096309147.png\" class=\" rounded\" alt=\"\" .=\"\" \/><\/a><\/div><hr class=\"c-divider normal m-transparent\" >[vc_column_text]\r\n<div class=\"wp-block-columns\">\r\n<div class=\"wp-block-column\">\r\n<div dir=\"auto\">\r\n<div>J&#8217;aime tous les soins et tous les produits !<\/div>\r\n<div>Chaque couleur apporte ses bienfaits selon les besoins du moment &#8230;que ce soit au niveau \u00e9motionnel, physique, \u00e9nerg\u00e9tique !<\/div>\r\n<div>Le s\u00e9rum pourpre fait des miracles sur l&#8217;acn\u00e9 rosac\u00e9e<\/div>\r\n<div>Les sels de gommage permettent de gommer et nourrir la peau en m\u00eame\u00a0temps, donc gain de temps pour les press\u00e9es !<\/div>\r\n<div>Les parfums de soin agissent imm\u00e9diatement<\/div>\r\n<div>Tout est top !<\/div>\r\n<div>Ma plus belle exp\u00e9rience personnelle est l&#8217;int\u00e9gration de la couleur \u00e9meraude qui m&#8217;a permis de retrouver ma bulle, mon territoire lors d&#8217;une situation difficile !<\/div>\r\n<div>J&#8217;adore le parfum de soin \u00e9meraude qui &#8211; respir\u00e9 \u00e0 temps &#8211; coupe le d\u00e9but d&#8217;une crise d&#8217;asthme !<\/div>\r\n<\/div>\r\n\r\n<p>Mon institut: <a href=\"http:\/\/www.belalibi.be\">Bel alibi<\/a>, <strong>Avenue Mar\u00e9chal Juin, 12, 5030 Gembloux<\/strong><\/p>\r\n\r\n<p>Rendez-vous: <strong>081\/60.04.44<\/strong><\/p>\r\n<\/div>\r\n<\/div>\r\n<p>[\/vc_column_text][\/vc_column][\/vc_row][vc_row][vc_column width=&#8221;1\/3&#8243;]<div class=\"c-image\"><a href=\"https:\/\/altearah.lu\/wp-content\/uploads\/2023\/01\/received_747862829811176-1.png\" class=\"no-border lightbox\"><img src=\"https:\/\/altearah.lu\/wp-content\/uploads\/2023\/01\/received_747862829811176-1.png\" class=\" rounded\" alt=\"\" .=\"\" \/><\/a><\/div><hr class=\"c-divider normal m-transparent\" >[vc_column_text]\r\n<div class=\"wp-block-columns\">\r\n<div class=\"wp-block-column\">\r\n<div dir=\"auto\">\r\n<div dir=\"auto\">Je suis esth\u00e9ticienne, p\u00e9dicure m\u00e9dicale et bient\u00f4t kinesiologue.<br \/>J&#8217;ai d\u00e9couvert altearah il y a quelques ann\u00e9es maintenant. J&#8217;ai tout de suite ador\u00e9 le concept, c&#8217;est impressionnant comme \u00e7a peut aider les gens \u00e0 se sentir bien.<br \/>Les parfums et concentr\u00e9 donc tr\u00e8s efficace, \u00e7a peut me servir aussi bien pour mes soins que pour les proposer dans mes s\u00e9ances de kinesiologie.<br \/>Mon soin pr\u00e9f\u00e9r\u00e9 et bien je les adores tous, ils ont chacun leurs particularit\u00e9s. Les massages sont juste magiques et les soins \u00e9galement.<br \/>Ce m\u00e9tier est une vraie passion<\/div>\r\n<\/div>\r\n<p>\r\n\r\nMon institut: <strong>Pauline Callens, rue du Bois Br\u00fbl\u00e9, 6, 6440 Froidchapelle<\/strong><\/p>\r\n<p>\r\n\r\nRendez-vous: <strong>0472\/69.95.15<\/strong><\/p>\r\n<p>Suivez-moi:<\/p>\r\n<p><a href=\"https:\/\/www.facebook.com\/profile.php?id=100063620044682\"><img loading=\"lazy\" class=\"alignnone wp-image-25386\" src=\"https:\/\/altearah.be\/wp-content\/uploads\/2022\/11\/facebook.png\" alt=\"\" width=\"21\" height=\"21\" srcset=\"https:\/\/altearah.lu\/wp-content\/uploads\/2022\/11\/facebook.png 120w, https:\/\/altearah.lu\/wp-content\/uploads\/2022\/11\/facebook-100x100.png 100w\" sizes=\"(max-width: 21px) 100vw, 21px\" \/><\/a><\/p>\r\n<\/div>\r\n<\/div>\r\n<p>[\/vc_column_text][\/vc_column][vc_column width=&#8221;1\/3&#8243;]<div class=\"c-image\"><a href=\"https:\/\/altearah.lu\/wp-content\/uploads\/2023\/01\/perrine-baron.png\" class=\"no-border lightbox\"><img src=\"https:\/\/altearah.lu\/wp-content\/uploads\/2023\/01\/perrine-baron.png\" class=\" rounded\" alt=\"\" .=\"\" \/><\/a><\/div><hr class=\"c-divider normal m-transparent\" >[vc_column_text]\r\n<div class=\"wp-block-columns\">\r\n<div class=\"wp-block-column\">\r\n<div dir=\"auto\">\r\n<div dir=\"auto\">\r\n<div><span class=\"gmail_default\">Que dire de cette magnifique marque de soins d&#8217;exception !\u00a0<\/span>\u00a0<span class=\"gmail_default\">Autant les produits que les protocoles de soin sont fabuleux ainsi que les formations &#8230;\u00a0<\/span><\/div>\r\n<div><span class=\"gmail_default\">L&#8217;alliance entre les couleurs, les huiles essentielles, les huiles v\u00e9g\u00e9tales est d\u00e9j\u00e0 une merveille car cela touche toutes les facettes de notre personne.\u00a0<\/span><\/div>\r\n<div>\r\n<div class=\"gmail_default\">Les protocoles de soin sont bas\u00e9s sur une r\u00e9flexion compl\u00e8te et l&#8217;approche saisonni\u00e8re est vraiment originale et touchante.<\/div>\r\n<div class=\"gmail_default\">Les formations et les personnes travaillant pour Alt\u00e9arah sont exceptionnelles, disponibles et attentionn\u00e9es.<\/div>\r\n<div class=\"gmail_default\">Tr\u00e8s difficile de choisir un produits ou un soin en particulier.<\/div>\r\n<div class=\"gmail_default\">Ce qui est le plus important pour moi dans cette marque c&#8217;est que gr\u00e2ce \u00e0 ces produits de qualit\u00e9s, nous proposons une aide \u00e0 chaque personne, chaque difficult\u00e9, chaque d\u00e9s\u00e9quilibre.<\/div>\r\n<div class=\"gmail_default\">Ca fait plus de 10 ans que je l&#8217;utilise et chaque jour, je suis de plus en plus fan de cette marque .<\/div>\r\n<\/div>\r\n<\/div>\r\n<\/div>\r\n\r\n<p>Mon institut: <strong><a href=\"https:\/\/www.dorigine-naturelle.be\/\">D&#8217;origine naturelle<\/a>, Herbiester, 209, 4845 Jalhay<\/strong><\/p>\r\n\r\n<p>Rendez-vous: <strong>0498\/78.51.99<\/strong><\/p>\r\n<p>Suivez-moi:<\/p>\r\n<p><a href=\"https:\/\/www.facebook.com\/DOrigineNaturelle\"><img loading=\"lazy\" class=\"alignnone wp-image-25386\" src=\"https:\/\/altearah.be\/wp-content\/uploads\/2022\/11\/facebook.png\" alt=\"\" width=\"21\" height=\"21\" srcset=\"https:\/\/altearah.lu\/wp-content\/uploads\/2022\/11\/facebook.png 120w, https:\/\/altearah.lu\/wp-content\/uploads\/2022\/11\/facebook-100x100.png 100w\" sizes=\"(max-width: 21px) 100vw, 21px\" \/><\/a><\/p>\r\n<\/div>\r\n<\/div>\r\n<p>[\/vc_column_text][\/vc_column][vc_column width=&#8221;1\/3&#8243;]<div class=\"c-image\"><a href=\"https:\/\/altearah.lu\/wp-content\/uploads\/2023\/01\/apo.png\" class=\"no-border lightbox\"><img src=\"https:\/\/altearah.lu\/wp-content\/uploads\/2023\/01\/apo.png\" class=\" rounded\" alt=\"\" .=\"\" \/><\/a><\/div><hr class=\"c-divider normal m-transparent\" >[vc_column_text]\r\n<div class=\"wp-block-columns\">\r\n<div class=\"wp-block-column\">\r\n<div dir=\"auto\">\r\n<div dir=\"auto\">\r\n<div>Altearah a \u00e9t\u00e9 ma marque coup de c\u0153ur lorsque j&#8217;ai cherch\u00e9 une gamme pour mon institut.<\/div>\r\n<div>Pourquoi? Parce que\u00a0tout simplement elle r\u00e9unissait tout ce que j&#8217;aime: les huiles essentielles,\u00a0 cosm\u00e9tiques sains et naturels, et une v\u00e9ritable recherche pour un suivi th\u00e9rapeutique avec les clients.<\/div>\r\n<div>Accompagner vers le mieux-\u00eatre est un v\u00e9ritable bonheur, que ce soit avec les soins saisonniers, les massages couleurs et tous les outils fournis lors de nos formations.<\/div>\r\n<div>\u00a0Prenez RDV et laissez\u00a0vous dorloter \ud83d\ude09<\/div>\r\n<\/div>\r\n<\/div>\r\n\r\n<p>Mon institut: <strong><a href=\"https:\/\/apotheoz.be\/\">Apotheoz<\/a>, Rue Savoyard, 16A, 4052 Beaufays<\/strong><\/p>\r\n\r\n<p>Rendez-vous: <strong>0497\/86.56.19<\/strong><\/p>\r\n<p>Suivez-moi:<\/p>\r\n<p><a href=\"https:\/\/www.facebook.com\/Apotheoz.be\"><img loading=\"lazy\" class=\"alignnone wp-image-25386\" src=\"https:\/\/altearah.be\/wp-content\/uploads\/2022\/11\/facebook.png\" alt=\"\" width=\"21\" height=\"21\" srcset=\"https:\/\/altearah.lu\/wp-content\/uploads\/2022\/11\/facebook.png 120w, https:\/\/altearah.lu\/wp-content\/uploads\/2022\/11\/facebook-100x100.png 100w\" sizes=\"(max-width: 21px) 100vw, 21px\" \/> <\/a><a href=\"https:\/\/www.instagram.com\/apotheoz_institut\/?hl=fr\"><img loading=\"lazy\" class=\"alignnone wp-image-25387\" src=\"https:\/\/altearah.be\/wp-content\/uploads\/2022\/11\/instagram.jpg\" alt=\"\" width=\"20\" height=\"20\" srcset=\"https:\/\/altearah.lu\/wp-content\/uploads\/2022\/11\/instagram.jpg 220w, https:\/\/altearah.lu\/wp-content\/uploads\/2022\/11\/instagram-100x100.jpg 100w\" sizes=\"(max-width: 20px) 100vw, 20px\" \/><\/a><\/p>\r\n<\/div>\r\n<\/div>\r\n<p>[\/vc_column_text][\/vc_column][\/vc_row][vc_row][vc_column width=&#8221;1\/3&#8243;]<div class=\"c-image\"><a href=\"https:\/\/altearah.lu\/wp-content\/uploads\/2023\/01\/charline-varet.png\" class=\"no-border lightbox\"><img src=\"https:\/\/altearah.lu\/wp-content\/uploads\/2023\/01\/charline-varet.png\" class=\" rounded\" alt=\"\" .=\"\" \/><\/a><\/div><hr class=\"c-divider normal m-transparent\" >[vc_column_text]\r\n<div class=\"wp-block-columns\">\r\n<div class=\"wp-block-column\">\r\n<div dir=\"auto\">\r\n<div dir=\"auto\">\r\n<div dir=\"ltr\">Il m\u2019a fallu peu de temps pour craquer sur la marque Altearah et tout ses soins personnalis\u00e9s.<\/div>\r\n<div dir=\"ltr\">Je suis ravie de pouvoir \u00e9couter mes clients, et surtout de pouvoir leurs proposer des soins adapt\u00e9s \u00e0 leurs besoins du moment.<\/div>\r\n<div dir=\"ltr\">Les soins saisonniers sont pour moi mes petit pr\u00e9f\u00e9r\u00e9.<\/div>\r\n<div dir=\"ltr\">Avancer et \u00e9voluer au rythme des saisons me plait particuli\u00e8rement.<\/div>\r\n<div dir=\"ltr\">Je n\u2019en dit pas plus, venez d\u00e9couvrir VOTRE soin !<\/div>\r\n<\/div>\r\n<\/div>\r\n<p>\r\n\r\nMon institut: <strong>Charline Varet, rue petit Houmart, 13, 6941 Tohogne<\/strong><\/p>\r\n<p>\r\n\r\nRendez-vous: <strong>0477\/71.68.48<\/strong><\/p>\r\n<\/div>\r\n<\/div>\r\n<p>[\/vc_column_text][\/vc_column][vc_column width=&#8221;1\/3&#8243;][\/vc_column][vc_column width=&#8221;1\/3&#8243;][\/vc_column][\/vc_row]","protected":false},"excerpt":{"rendered":"<p>[vc_row][vc_column][vc_column_text] Vous trouverez ci-dessous les esth\u00e9ticiennes certifi\u00e9es par Altearah, ce qui signifie que toutes ont suivi l&#8217;int\u00e9gralit\u00e9 des formations de la marque. [\/vc_column_text][\/vc_column][\/vc_row][vc_row][vc_column width=&#8221;1\/3&#8243;][vc_column_text] Distributrice et formatrice Altearah pour la Belgique et le Luxembourg depuis 2011, je suis \u00e9galement praticienne de tous les protocoles Altearah dans mon centre de soins Al Chi Moon. J&#8217;y associe [&hellip;]<\/p>\n","protected":false},"author":4,"featured_media":0,"parent":0,"menu_order":0,"comment_status":"closed","ping_status":"closed","template":"","meta":[],"_links":{"self":[{"href":"https:\/\/altearah.lu\/index.php?rest_route=\/wp\/v2\/pages\/25346"}],"collection":[{"href":"https:\/\/altearah.lu\/index.php?rest_route=\/wp\/v2\/pages"}],"about":[{"href":"https:\/\/altearah.lu\/index.php?rest_route=\/wp\/v2\/types\/page"}],"author":[{"embeddable":true,"href":"https:\/\/altearah.lu\/index.php?rest_route=\/wp\/v2\/users\/4"}],"replies":[{"embeddable":true,"href":"https:\/\/altearah.lu\/index.php?rest_route=%2Fwp%2Fv2%2Fcomments&post=25346"}],"version-history":[{"count":45,"href":"https:\/\/altearah.lu\/index.php?rest_route=\/wp\/v2\/pages\/25346\/revisions"}],"predecessor-version":[{"id":25354,"href":"https:\/\/altearah.lu\/index.php?rest_route=\/wp\/v2\/pages\/25346\/revisions\/25354"}],"wp:attachment":[{"href":"https:\/\/altearah.lu\/index.php?rest_route=%2Fwp%2Fv2%2Fmedia&parent=25346"}],"curies":[{"name":"wp","href":"https:\/\/api.w.org\/{rel}","templated":true}]}}