{"id":3426,"date":"2015-03-31T08:17:14","date_gmt":"2015-03-31T07:17:14","guid":{"rendered":"http:\/\/hedgoon.com\/?page_id=3426"},"modified":"2017-04-28T12:24:43","modified_gmt":"2017-04-28T10:24:43","slug":"woo-moncompte","status":"publish","type":"page","link":"https:\/\/altearah.lu\/?page_id=3426","title":{"rendered":"MON COMPTE"},"content":{"rendered":"<p><strong><div class=\"woocommerce\"><div class=\"woocommerce-notices-wrapper\"><\/div><div class=\"default-form\">\n\n<div class=\"u-columns col2-set\" id=\"customer_login\">\n\n\t<div class=\"u-column1 col-1\">\n\n\n\t\t<h2>Connexion<\/h2>\n\n\t\t<form class=\"woocommerce-form woocommerce-form-login login\" method=\"post\">\n\n\t\t\t\n\t\t\t<p class=\"woocommerce-form-row woocommerce-form-row--wide form-row form-row-wide\">\n\t\t\t\t<label for=\"username\">Identifiant ou adresse de messagerie&nbsp;<span class=\"required\">*<\/span><\/label>\n\t\t\t\t<input type=\"text\" class=\"woocommerce-Input woocommerce-Input--text input-text\" name=\"username\" id=\"username\" autocomplete=\"username\" value=\"\" \/>\t\t\t<\/p>\n\t\t\t<p class=\"woocommerce-form-row woocommerce-form-row--wide form-row form-row-wide\">\n\t\t\t\t<label for=\"password\">Mot de passe&nbsp;<span class=\"required\">*<\/span><\/label>\n\t\t\t\t<input class=\"woocommerce-Input woocommerce-Input--text input-text\" type=\"password\" name=\"password\" id=\"password\" autocomplete=\"current-password\" \/>\n\t\t\t<\/p>\n\n\t\t\t\n\t\t\t<p class=\"form-row\">\n\t\t\t\t<label class=\"woocommerce-form__label woocommerce-form__label-for-checkbox woocommerce-form-login__rememberme\">\n\t\t\t\t\t<input class=\"woocommerce-form__input woocommerce-form__input-checkbox\" name=\"rememberme\" type=\"checkbox\" id=\"rememberme\" value=\"forever\" \/> <span>Se souvenir de moi<\/span>\n\t\t\t\t<\/label>\n\t\t\t\t<input type=\"hidden\" id=\"woocommerce-login-nonce\" name=\"woocommerce-login-nonce\" value=\"4dd0391752\" \/><input type=\"hidden\" name=\"_wp_http_referer\" value=\"\/index.php?rest_route=%2Fwp%2Fv2%2Fpages%2F3426\" \/>\t\t\t\t<button type=\"submit\" class=\"woocommerce-button button woocommerce-form-login__submit\" name=\"login\" value=\"Identification\">Identification<\/button>\n\t\t\t<\/p>\n\t\t\t<p class=\"woocommerce-LostPassword lost_password\">\n\t\t\t\t<a href=\"https:\/\/altearah.lu\/?page_id=3426&#038;lost-password\">Mot de passe perdu\u00a0?<\/a>\n\t\t\t<\/p>\n\n\t\t\t\n\t\t<\/form>\n\n\n\t<\/div>\n\n\t<div class=\"u-column2 col-2\">\n\n\t\t<h2>S&rsquo;enregistrer<\/h2>\n\n\t\t<form method=\"post\" class=\"woocommerce-form woocommerce-form-register register\"  >\n\n\t\t\t\n\t\t\t\n\t\t\t<p class=\"woocommerce-form-row woocommerce-form-row--wide form-row form-row-wide\">\n\t\t\t\t<label for=\"reg_email\">Adresse de messagerie&nbsp;<span class=\"required\">*<\/span><\/label>\n\t\t\t\t<input type=\"email\" class=\"woocommerce-Input woocommerce-Input--text input-text\" name=\"email\" id=\"reg_email\" autocomplete=\"email\" value=\"\" \/>\t\t\t<\/p>\n\n\t\t\t\n\t\t\t\t<p class=\"woocommerce-form-row woocommerce-form-row--wide form-row form-row-wide\">\n\t\t\t\t\t<label for=\"reg_password\">Mot de passe&nbsp;<span class=\"required\">*<\/span><\/label>\n\t\t\t\t\t<input type=\"password\" class=\"woocommerce-Input woocommerce-Input--text input-text\" name=\"password\" id=\"reg_password\" autocomplete=\"new-password\" \/>\n\t\t\t\t<\/p>\n\n\t\t\t\n\t\t\t<p class=\"woocommerce-FormRow woocommerce-FormRow--wide form-row form-row-wide\"><label for=\"civilite\">Civilit\u00e9<\/label><select name=\"civilite\" id=\"civilite\" class=\"woocommerce-Input woocommerce-Input--text input-text\">\n<option value=\"Mme\">Mme<\/option>\n<option value=\"Mlle\">Mlle<\/option>\n<option value=\"M.\">M.<\/option>\n<\/select><\/p><p class=\"woocommerce-FormRow woocommerce-FormRow--wide form-row form-row-wide\"><label for=\"first_name\">Pr\u00e9nom <span class=\"required\">*<\/span><\/label><input name=\"first_name\" type=\"text\" id=\"first_name\" value=\"\" class=\"woocommerce-Input woocommerce-Input--text input-text\" required  \/><\/p><p class=\"woocommerce-FormRow woocommerce-FormRow--wide form-row form-row-wide\"><label for=\"last_name\">Nom <span class=\"required\">*<\/span><\/label><input name=\"last_name\" type=\"text\" id=\"last_name\" value=\"\" class=\"woocommerce-Input woocommerce-Input--text input-text\" required  \/><\/p><p class=\"woocommerce-FormRow woocommerce-FormRow--wide form-row form-row-wide\"><label for=\"billing_address_1\">Adresse 1 <span class=\"required\">*<\/span><\/label><input name=\"billing_address_1\" type=\"text\" id=\"billing_address_1\" value=\"\" class=\"woocommerce-Input woocommerce-Input--text input-text\" required  \/><\/p><p class=\"woocommerce-FormRow woocommerce-FormRow--wide form-row form-row-wide\"><label for=\"billing_city\">Ville <span class=\"required\">*<\/span><\/label><input name=\"billing_city\" type=\"text\" id=\"billing_city\" value=\"\" class=\"woocommerce-Input woocommerce-Input--text input-text\" required  \/><\/p><p class=\"woocommerce-FormRow woocommerce-FormRow--wide form-row form-row-wide\"><label for=\"billing_postcode\">Code postal <span class=\"required\">*<\/span><\/label><input name=\"billing_postcode\" type=\"text\" id=\"billing_postcode\" value=\"\" class=\"woocommerce-Input woocommerce-Input--text input-text\" required  \/><\/p><p class=\"woocommerce-FormRow woocommerce-FormRow--wide form-row form-row-wide\"><label for=\"billing_country\">Pays <span class=\"required\">*<\/span><\/label><input name=\"billing_country\" type=\"text\" id=\"billing_country\" value=\"\" class=\"woocommerce-Input woocommerce-Input--text input-text\" required  \/><\/p><p class=\"woocommerce-FormRow woocommerce-FormRow--wide form-row form-row-wide\"><label for=\"billing_address_2\">Adresse 2<\/label><input name=\"billing_address_2\" type=\"text\" id=\"billing_address_2\" value=\"\" class=\"woocommerce-Input woocommerce-Input--text input-text\" \/><\/p><p class=\"woocommerce-FormRow woocommerce-FormRow--wide form-row form-row-wide\"><label for=\"phone1\">T\u00e9l\u00e9phone professionnel<\/label><input name=\"phone1\" type=\"text\" id=\"phone1\" value=\"\" class=\"woocommerce-Input woocommerce-Input--text input-text\" \/><\/p><p class=\"woocommerce-FormRow woocommerce-FormRow--wide form-row form-row-wide\"><label for=\"GSM\">GSM<\/label><input name=\"GSM\" type=\"text\" id=\"GSM\" value=\"\" class=\"woocommerce-Input woocommerce-Input--text input-text\" \/><\/p><p class=\"multicheckbox\"><label for=\"therapeute\">Vous \u00eates th\u00e9rapeute?<\/label><br \/><input name=\"therapeute[]\" type=\"checkbox\" id=\"therapeute[Oui]\" value=\"Oui\" \/>&nbsp;<label for=\"therapeute[Oui]\" id=\"therapeute[Oui]\" class=\"multicheckbox\">Oui<\/label><br \/>\n<input name=\"therapeute[]\" type=\"checkbox\" id=\"therapeute[Non]\" value=\"Non\" \/>&nbsp;<label for=\"therapeute[Non]\" id=\"therapeute[Non]\" class=\"multicheckbox\">Non<\/label><br \/>\n<\/p><div class=\"woocommerce-privacy-policy-text\"><p>Vos donn\u00e9es personnelles seront utilis\u00e9es pour vous accompagner au cours de votre visite du site web, g\u00e9rer l\u2019acc\u00e8s \u00e0 votre compte, et pour d\u2019autres raisons d\u00e9crites dans notre <a href=\"https:\/\/altearah.lu\/?page_id=10285\" class=\"woocommerce-privacy-policy-link\" target=\"_blank\">politique de confidentialit\u00e9<\/a>.<\/p>\n<\/div>\n\t\t\t<p class=\"woocommerce-form-row form-row\">\n\t\t\t\t<input type=\"hidden\" id=\"woocommerce-register-nonce\" name=\"woocommerce-register-nonce\" value=\"db200e52bf\" \/><input type=\"hidden\" name=\"_wp_http_referer\" value=\"\/index.php?rest_route=%2Fwp%2Fv2%2Fpages%2F3426\" \/>\t\t\t\t<button type=\"submit\" class=\"woocommerce-Button woocommerce-button button woocommerce-form-register__submit\" name=\"register\" value=\"S&rsquo;enregistrer\">S&rsquo;enregistrer<\/button>\n\t\t\t<\/p>\n\n\t\t\t\n\t\t<\/form>\n\n\t<\/div>\n\n<\/div>\n\n<\/div><\/div><\/strong><\/p>\n","protected":false},"excerpt":{"rendered":"Connexion Identifiant ou adresse de messagerie&nbsp;* Mot de passe&nbsp;* Se souvenir de moi Identification Mot de passe perdu\u00a0? S&rsquo;enregistrer Adresse de messagerie&nbsp;* Mot de passe&nbsp;* Civilit\u00e9 Mme Mlle M. Pr\u00e9nom *Nom *Adresse 1 *Ville *Code postal *Pays *Adresse 2T\u00e9l\u00e9phone professionnelGSMVous \u00eates th\u00e9rapeute?&nbsp;Oui &nbsp;Non Vos donn\u00e9es personnelles seront utilis\u00e9es pour vous accompagner au cours de votre [...]","protected":false},"author":4,"featured_media":0,"parent":0,"menu_order":0,"comment_status":"open","ping_status":"open","template":"","meta":[],"_links":{"self":[{"href":"https:\/\/altearah.lu\/index.php?rest_route=\/wp\/v2\/pages\/3426"}],"collection":[{"href":"https:\/\/altearah.lu\/index.php?rest_route=\/wp\/v2\/pages"}],"about":[{"href":"https:\/\/altearah.lu\/index.php?rest_route=\/wp\/v2\/types\/page"}],"author":[{"embeddable":true,"href":"https:\/\/altearah.lu\/index.php?rest_route=\/wp\/v2\/users\/4"}],"replies":[{"embeddable":true,"href":"https:\/\/altearah.lu\/index.php?rest_route=%2Fwp%2Fv2%2Fcomments&post=3426"}],"version-history":[{"count":3,"href":"https:\/\/altearah.lu\/index.php?rest_route=\/wp\/v2\/pages\/3426\/revisions"}],"predecessor-version":[{"id":10272,"href":"https:\/\/altearah.lu\/index.php?rest_route=\/wp\/v2\/pages\/3426\/revisions\/10272"}],"wp:attachment":[{"href":"https:\/\/altearah.lu\/index.php?rest_route=%2Fwp%2Fv2%2Fmedia&parent=3426"}],"curies":[{"name":"wp","href":"https:\/\/api.w.org\/{rel}","templated":true}]}}