{"id":10408,"date":"2018-11-30T13:54:24","date_gmt":"2018-11-30T11:54:24","guid":{"rendered":"http:\/\/altearah.be\/?post_type=product&#038;p=10408"},"modified":"2025-12-23T15:51:01","modified_gmt":"2025-12-23T13:51:01","slug":"contour-des-yeux-sublime-15-ml","status":"publish","type":"product","link":"https:\/\/altearah.lu\/?product=contour-des-yeux-sublime-15-ml","title":{"rendered":"Contour des yeux Sublime 15 ml"},"content":{"rendered":"","protected":false},"excerpt":{"rendered":"<p style=\"text-align: justify;\">Le contour des yeux NeuroActif Sublime est formul\u00e9 pour r\u00e9activer la peau, r\u00e9duire et estomper les rides.\u00a0 R\u00e9sultat: la peau se repulpe, votre visage s&#8217;illumine.\u00a0 Riche en ingr\u00e9dients NeuroActifs, il se combine id\u00e9alement avec un s\u00e9rum Altearah et la cr\u00e8me Sublime.<\/p>\n<p style=\"text-align: justify;\"><span style=\"text-decoration: underline;\">Conseil d&#8217;application<\/span>: Matin et soir, sur votre visage nettoy\u00e9, appliquez quelques gouttes sur le contour des yeux et les zones n\u00e9cessitant un soin sp\u00e9cifique.\u00a0 Faites p\u00e9n\u00e9trer en tapotant.\u00a0 Appliquez ensuite votre s\u00e9rum Altearah et la cr\u00e8me Sublime.<\/p>\n<p style=\"text-align: justify;\">Actifs:<\/p>\n<ul style=\"text-align: justify;\">\n<li>extrait de lavande papillon: fixe et d\u00e9contracte les rides profondes pour reconstruire l&#8217;\u00e9piderme.\u00a0 R\u00e9-initialise de la division k\u00e9ratinocytes pour un effet redensifiant de l&#8217;\u00e9piderme.\u00a0 Restructure de la couche corn\u00e9e.\u00a0 Stimule la synth\u00e8se des prot\u00e9ines d&#8217;adh\u00e9sion pour une am\u00e9lioration de la coh\u00e9sion cellulaire.\u00a0 Elle va venir d\u00e9tendre la peau et amplifier l&#8217;action des autres actifs.<\/li>\n<li>extrait d&#8217;algues brunes: relance la communication entre les neurones et les fibroblastes, ce qui stimule la synth\u00e8se d&#8217;\u00e9lastine et de collag\u00e8ne.\u00a0 Diminue le volume des rides et leur surface, diminue la rugosit\u00e9 de la peau.<\/li>\n<li>cire de bl\u00e9 noir: action anti-poches.\u00a0 Limite l&#8217;accumulation de tissus graisseux dans l&#8217;\u00e9piderme.<\/li>\n<li>extrait de micro-algue verte: action anti-cernes.\u00a0 Limite l&#8217;apparition de micro-vascularisation et stimule la synth\u00e8se de collag\u00e8ne.<\/li>\n<li>extrait de micro-algue de la mer du nord: am\u00e9liore la souplesse, l&#8217;hydratation et la douceur de la peau, lisse les ridules de la patte d&#8217;oie.<\/li>\n<\/ul>\n<p style=\"text-align: justify;\">Pr\u00e9cautions d&#8217;emploi: ne pas avaler.\u00a0 Usage externe.\u00a0 Tenir hors de port\u00e9e des enfants.\u00a0 Garder les yeux ferm\u00e9s pendant l&#8217;application.\u00a0 En cas de contact avec les yeux, rincer \u00e0 l&#8217;eau claire.<\/p>\n<p style=\"text-align: justify;\">Packaging: format 15 ml &#8211; 60 pressions &#8211; 1 \u00e0 2 mois d&#8217;utilisation.<\/p>\n","protected":false},"featured_media":11035,"comment_status":"closed","ping_status":"closed","template":"","meta":[],"product_cat":[43],"product_tag":[],"_links":{"self":[{"href":"https:\/\/altearah.lu\/index.php?rest_route=\/wp\/v2\/product\/10408"}],"collection":[{"href":"https:\/\/altearah.lu\/index.php?rest_route=\/wp\/v2\/product"}],"about":[{"href":"https:\/\/altearah.lu\/index.php?rest_route=\/wp\/v2\/types\/product"}],"replies":[{"embeddable":true,"href":"https:\/\/altearah.lu\/index.php?rest_route=%2Fwp%2Fv2%2Fcomments&post=10408"}],"wp:featuredmedia":[{"embeddable":true,"href":"https:\/\/altearah.lu\/index.php?rest_route=\/wp\/v2\/media\/11035"}],"wp:attachment":[{"href":"https:\/\/altearah.lu\/index.php?rest_route=%2Fwp%2Fv2%2Fmedia&parent=10408"}],"wp:term":[{"taxonomy":"product_cat","embeddable":true,"href":"https:\/\/altearah.lu\/index.php?rest_route=%2Fwp%2Fv2%2Fproduct_cat&post=10408"},{"taxonomy":"product_tag","embeddable":true,"href":"https:\/\/altearah.lu\/index.php?rest_route=%2Fwp%2Fv2%2Fproduct_tag&post=10408"}],"curies":[{"name":"wp","href":"https:\/\/api.w.org\/{rel}","templated":true}]}}