{"id":24523,"date":"2021-06-24T13:03:12","date_gmt":"2021-06-24T11:03:12","guid":{"rendered":"https:\/\/altearah.be\/?post_type=product&#038;p=24523"},"modified":"2025-11-24T14:42:16","modified_gmt":"2025-11-24T12:42:16","slug":"initiation-a-la-sonotherapie-2-jours","status":"publish","type":"product","link":"https:\/\/altearah.lu\/?product=initiation-a-la-sonotherapie-2-jours","title":{"rendered":"Initiation \u00e0 la sonoth\u00e9rapie Module 1"},"content":{"rendered":"","protected":false},"excerpt":{"rendered":"<p>En ligne via <a href=\"https:\/\/caracterre.teachizy.fr\/formations\/initiation-a-la-sonotherapie\">Teachizy<\/a><\/p>\n<p>La sonoth\u00e9rapie et le massage sonore au bol tib\u00e9tain: Ce ph\u00e9nom\u00e8ne se base sur le principe de r\u00e9sonance.<br \/>\nDes objets vibrants \u00e0 des fr\u00e9quences proches ont une tendance naturelle \u00e0 se synchroniser sur une fr\u00e9quence commune.<br \/>\nSous l\u2019effet des vibrations des bols, le corps peut se re-synchroniser sur sa propre fr\u00e9quence harmonique et vibrer ensuite de mani\u00e8re ind\u00e9pendante.<br \/>\nAinsi une personne qui a perdu son harmonie originelle peut la retrouver. Venez vous initier \u00e0 cette technique ancestrale.<\/p>\n","protected":false},"featured_media":24524,"comment_status":"closed","ping_status":"closed","template":"","meta":[],"product_cat":[540],"product_tag":[],"_links":{"self":[{"href":"https:\/\/altearah.lu\/index.php?rest_route=\/wp\/v2\/product\/24523"}],"collection":[{"href":"https:\/\/altearah.lu\/index.php?rest_route=\/wp\/v2\/product"}],"about":[{"href":"https:\/\/altearah.lu\/index.php?rest_route=\/wp\/v2\/types\/product"}],"replies":[{"embeddable":true,"href":"https:\/\/altearah.lu\/index.php?rest_route=%2Fwp%2Fv2%2Fcomments&post=24523"}],"wp:featuredmedia":[{"embeddable":true,"href":"https:\/\/altearah.lu\/index.php?rest_route=\/wp\/v2\/media\/24524"}],"wp:attachment":[{"href":"https:\/\/altearah.lu\/index.php?rest_route=%2Fwp%2Fv2%2Fmedia&parent=24523"}],"wp:term":[{"taxonomy":"product_cat","embeddable":true,"href":"https:\/\/altearah.lu\/index.php?rest_route=%2Fwp%2Fv2%2Fproduct_cat&post=24523"},{"taxonomy":"product_tag","embeddable":true,"href":"https:\/\/altearah.lu\/index.php?rest_route=%2Fwp%2Fv2%2Fproduct_tag&post=24523"}],"curies":[{"name":"wp","href":"https:\/\/api.w.org\/{rel}","templated":true}]}}