{"id":26026,"date":"2024-03-19T16:50:07","date_gmt":"2024-03-19T14:50:07","guid":{"rendered":"https:\/\/altearah.lu\/?post_type=product&#038;p=26026"},"modified":"2026-04-15T00:04:57","modified_gmt":"2026-04-14T22:04:57","slug":"altearah-trousse-printemps-garnie","status":"publish","type":"product","link":"https:\/\/altearah.lu\/?product=altearah-trousse-printemps-garnie","title":{"rendered":"Altearah Trousse Printemps garnie"},"content":{"rendered":"","protected":false},"excerpt":{"rendered":"<p>La trousse de Printemps est compos\u00e9e d&#8217;un Concentr\u00e9 de soin Emeraude &#8211; Oxyg\u00e8ne et d&#8217;un Parfum de soin Vert &#8211; Fraicheur<\/p>\n<p>Ce duo vous aide \u00e0 vous connecter \u00e0 votre identit\u00e9 profonde pour briller, cultiver votre charisme et rayonner \u00e0 vos yeux et aux yeux des autres.<\/p>\n<ul>\n<li>Emeraude: prendre ma place; \u00eatre plus conscient de mes ressources et de mes limites; reprendre mon souffle, revenir \u00e0 moi, \u00eatre \u00e0 la bonne distance avec ce qui m&#8217;entoure; ne plus me laisser envahir et me respecter<\/li>\n<li>Vert: renouveau; envisager les choses sous un nouvel angle; relaxation mentale<\/li>\n<\/ul>\n","protected":false},"featured_media":26027,"comment_status":"closed","ping_status":"closed","template":"","meta":[],"product_cat":[533,518,52,51,44],"product_tag":[],"_links":{"self":[{"href":"https:\/\/altearah.lu\/index.php?rest_route=\/wp\/v2\/product\/26026"}],"collection":[{"href":"https:\/\/altearah.lu\/index.php?rest_route=\/wp\/v2\/product"}],"about":[{"href":"https:\/\/altearah.lu\/index.php?rest_route=\/wp\/v2\/types\/product"}],"replies":[{"embeddable":true,"href":"https:\/\/altearah.lu\/index.php?rest_route=%2Fwp%2Fv2%2Fcomments&post=26026"}],"wp:featuredmedia":[{"embeddable":true,"href":"https:\/\/altearah.lu\/index.php?rest_route=\/wp\/v2\/media\/26027"}],"wp:attachment":[{"href":"https:\/\/altearah.lu\/index.php?rest_route=%2Fwp%2Fv2%2Fmedia&parent=26026"}],"wp:term":[{"taxonomy":"product_cat","embeddable":true,"href":"https:\/\/altearah.lu\/index.php?rest_route=%2Fwp%2Fv2%2Fproduct_cat&post=26026"},{"taxonomy":"product_tag","embeddable":true,"href":"https:\/\/altearah.lu\/index.php?rest_route=%2Fwp%2Fv2%2Fproduct_tag&post=26026"}],"curies":[{"name":"wp","href":"https:\/\/api.w.org\/{rel}","templated":true}]}}