{"id":26234,"date":"2024-11-20T16:30:43","date_gmt":"2024-11-20T14:30:43","guid":{"rendered":"https:\/\/altearah.lu\/?post_type=product&#038;p=26234"},"modified":"2026-02-17T12:44:31","modified_gmt":"2026-02-17T10:44:31","slug":"altearah-coffret-duo-equilibre-visage-et-regard","status":"publish","type":"product","link":"https:\/\/altearah.lu\/?product=altearah-coffret-duo-equilibre-visage-et-regard","title":{"rendered":"Altearah Coffret duo Equilibre visage et regard"},"content":{"rendered":"<p><strong>Ingr\u00e9dients Cr\u00e8me microactive<\/strong><\/p>\n<ul>\n<li>Extraits marins pr\u00e9-biotique: cet actif associe extraits d&#8217;algue brune, micro-algue verte, eau de mer et exopolysaccharides marins.\u00a0 Riche en min\u00e9raux, carbone, azote et sucres, il participe \u00e0 la diversit\u00e9 du microbiote cutan\u00e9.\u00a0 En une semaine, il r\u00e9\u00e9quilibre la flore cutan\u00e9e et le pH, r\u00e9duisant rougeurs et imperfections, et am\u00e9liorant l&#8217;homog\u00e9n\u00e9it\u00e9 du teint<\/li>\n<li>Actif upcycl\u00e9 de riz: cet actif utilise l&#8217;amylopectine du riz gluant et le calcium lactate d&#8217;algue durable pour renforcer, hydrater la peau et favoriser sa r\u00e9cup\u00e9ration.\u00a0 Upcycl\u00e9 \u00e0 partir de grains de riz cass\u00e9s, il \u00e9vite le gaspillage alimentaire.\u00a0 Il am\u00e9liore la r\u00e9tention d&#8217;eau de la peau, r\u00e9duisant la perte d&#8217;eau insensible et boostant l&#8217;hydratation pendant 5 jours.<\/li>\n<li>Extrait de son de riz, racines de guimauve et r\u00e9glisse: cet actif est obtenu \u00e0 partir de racines de guimauve, de son de riz et de r\u00e9glisse, pour leurs effets compl\u00e9mentaires sur les m\u00e9canismes de pigmentation de la peau.\u00a0 En 28 jours, le teint devient plus lumineux.\u00a0 En 56 jours, les taches brunes sont significativement r\u00e9duites.\u00a0 Le r\u00e9sultat global est un teint plus frais, homog\u00e8ne et \u00e9clatant.<\/li>\n<li>Eau de bleuet: le bleuet produit une eau florale riche en mol\u00e9cules actives.\u00a0 Connue pour ses propri\u00e9t\u00e9s calmantes, stimulantes et fortifiantes, l&#8217;eau florale de bleuet rafraichit le teint gr\u00e2ce \u00e0 ses propri\u00e9t\u00e9s astringentes<\/li>\n<li>Aloe vera: l&#8217;aloe vera adoucit, prot\u00e8ge et revitalise la peau gr\u00e2ce \u00e0 ses min\u00e9raux, acides amin\u00e9s et vitamines.\u00a0 Il poss\u00e8de \u00e9galement des propri\u00e9t\u00e9s anti-inflammatoires et cicatrisantes, apaisant les irritations et hydratant intens\u00e9ment, id\u00e9al pour tous les types de peau.<\/li>\n<\/ul>\n<p><strong>Composition patch yeux<\/strong><\/p>\n<p>Eau, Glycerine, algues Carraghenates et Konjac, sucres, extrait de Pois de Senteur, Caf\u00e9ine, extrait de Rose, extrait de Grenade, complexe conservateur.<br \/>\nINCI<br \/>\nAQUA (WATER), GLYCERIN, CARRAGEENAN, PANTHENOL, AMORPHOPHALLUS KONJAC ROOT EXTRACT, SUCROSE, MALTODEXTRIN, PHENETHYL ALCOHOL, SODIUM LEVULINATE, CLITORIA TERNATEA FLOWER EXTRACT, P ANISIC ACID, CAFFEINE, ROSA GALLICA FLOWER EXTRACT, SODIUM HYDROXIDE, PUNICA GRANATUM FLOWER EXTRACT, SODIUM ASCORBYL PHOSPHATE, CITRIC ACID, LACTIC ACID, POTASSIUM SORBATE, SODIUM BENZOATE<br \/>\nNaturalit\u00e9<br \/>\n97.2% d\u2019ingr\u00e9dients d\u2019origine naturelle.<\/p>\n","protected":false},"excerpt":{"rendered":"<p><strong>La cr\u00e8me microactive visage Altearah <\/strong><\/p>\n<p>R\u00e9\u00e9quilibre, pr\u00e9serve le microbiote cutan\u00e9 et renforce la barri\u00e8re naturelle de la peau.\u00a0 Sa texture fluide et l\u00e9g\u00e8re hydrate imm\u00e9diatement l&#8217;\u00e9piderme, unifie le teint, att\u00e9nue les d\u00e9s\u00e9quilibres de peau et restaure la flore cutan\u00e9e.\u00a0 La peau est visiblement plus belle et \u00e9quilibr\u00e9e.<\/p>\n<p>Pourquoi la couleur Violet?<\/p>\n<p>La cr\u00e8me microactive aide \u00e0 restaurer et maintenir l&#8217;\u00e9quilibre naturel de la peau, la synergie Violet aide \u00e0 trouver son \u00e9quilibre personnel et \u00e9motionnel afin de se sentir plus en phase avec soi-m\u00eame.\u00a0 C&#8217;est une couleur qui encourage l&#8217;harmonie int\u00e9rieure et qui refl\u00e8te parfaitement la mission de cette cr\u00e8me: r\u00e9\u00e9quilibrer le microbiote cutan\u00e9 pour une peau saine.<\/p>\n<p><strong>Les patchs qui r\u00e9veillent le regard<\/strong><\/p>\n<p>Infus\u00e9s aux fleurs (rose et pois papillon) et formul\u00e9s avec de la caf\u00e9ine, les patchs yeux ont une texture gel frais qui hydratent, att\u00e9nuent les poches, les cernes et participent \u00e0 maintenir l&#8217;\u00e9quilibre de la peau d\u00e9licate du contour de l&#8217;oeil.<\/p>\n<p>Pourquoi la synergie Violet pour ce produit?<\/p>\n<p>La couleur Violet favorise l&#8217;\u00e9quilibre personnel et \u00e9motionnel afin de se sentir plus en phase avec soi-m\u00eame.\u00a0 Associ\u00e9s \u00e0 la cr\u00e8me microactive, qui porte \u00e9galement cette couleur, les patchs yeux r\u00e9tablissent l&#8217;\u00e9quilibre de l&#8217;\u00e9clat des zones d\u00e9licates du contour des yeux.<\/p>\n<p>Un coffret contient une cr\u00e8me Microactive Violet et 3 sachets de patchs yeux Hydra-\u00e9quilibre.<\/p>\n","protected":false},"featured_media":26270,"comment_status":"closed","ping_status":"closed","template":"","meta":[],"product_cat":[533,43,44],"product_tag":[],"_links":{"self":[{"href":"https:\/\/altearah.lu\/index.php?rest_route=\/wp\/v2\/product\/26234"}],"collection":[{"href":"https:\/\/altearah.lu\/index.php?rest_route=\/wp\/v2\/product"}],"about":[{"href":"https:\/\/altearah.lu\/index.php?rest_route=\/wp\/v2\/types\/product"}],"replies":[{"embeddable":true,"href":"https:\/\/altearah.lu\/index.php?rest_route=%2Fwp%2Fv2%2Fcomments&post=26234"}],"wp:featuredmedia":[{"embeddable":true,"href":"https:\/\/altearah.lu\/index.php?rest_route=\/wp\/v2\/media\/26270"}],"wp:attachment":[{"href":"https:\/\/altearah.lu\/index.php?rest_route=%2Fwp%2Fv2%2Fmedia&parent=26234"}],"wp:term":[{"taxonomy":"product_cat","embeddable":true,"href":"https:\/\/altearah.lu\/index.php?rest_route=%2Fwp%2Fv2%2Fproduct_cat&post=26234"},{"taxonomy":"product_tag","embeddable":true,"href":"https:\/\/altearah.lu\/index.php?rest_route=%2Fwp%2Fv2%2Fproduct_tag&post=26234"}],"curies":[{"name":"wp","href":"https:\/\/api.w.org\/{rel}","templated":true}]}}