{"id":26350,"date":"2025-03-20T17:37:32","date_gmt":"2025-03-20T15:37:32","guid":{"rendered":"https:\/\/altearah.lu\/?post_type=product&#038;p=26350"},"modified":"2026-01-01T00:04:14","modified_gmt":"2025-12-31T22:04:14","slug":"retraite-sylvotherapie-tai-chi","status":"publish","type":"product","link":"https:\/\/altearah.lu\/?product=retraite-sylvotherapie-tai-chi","title":{"rendered":"Retraite sylvoth\u00e9rapie \/ tai chi"},"content":{"rendered":"<p><strong>Dates<\/strong>: 10, 11 et 12 avril 2026<br \/>\nHoraire: du vendredi au dimanche 16h<\/p>\n<p><strong>Lieu<\/strong>: Regniessart (dans les bois pr\u00e8s de Nismes &#8211; Viroinval)<\/p>\n<p><strong>Prix :<\/strong> 468 TVAC (plus 155\u20ac TVAC pour la pension compl\u00e8te du lundi au vendredi factur\u00e9 par Mme Bozet) &#8211; <strong>Early bird: 351\u20ac tvac jusqu&#8217;au 15 d\u00e9cembre 2025<\/strong><\/p>\n<p>Un weekend \u00e0 l&#8217;or\u00e9e des bois pour se connecter au vivant, avec Genevi\u00e8ve Bozet et Sylvia Joris<\/p>\n<p>Sylvia Joris, sonoth\u00e9rapeute et \u00e9coth\u00e9rapeute, form\u00e9e \u00e0 la sylvoth\u00e9rapie.\u00a0 Aussi formatrice en naturo-esth\u00e9tique, soins personnalis\u00e9s, massages signatures, aromath\u00e9rapie, r\u00e9flexologie abdominale, cercles de lunes &#8211; contact@alchimoon.be 0496 62.84.85 www.alchimoon.be<\/p>\n<p>Genevi\u00e8ve Bozet, techniques corporelles \u00e9nerg\u00e9tiques (art du chi &#8211; taichi) &amp; th\u00e9rapeute en shiatsu et lib\u00e9ration du p\u00e9ricarde &#8211; contact@libreenergie.be 0478 54.73.81 www.libreenergie.be<\/p>\n","protected":false},"excerpt":{"rendered":"<p>Un weekend \u00e0 l&#8217;or\u00e9e des bois pour se connecter au vivant, avec Genevi\u00e8ve Bozet et Sylvia Joris<\/p>\n<p><b>Un weekend de \u00ab bain de for\u00eat \u00bb o\u00f9 vous pourrez vous ressourcer pleinement!<\/b><\/p>\n<p><b>Cette retraite vous permettra de ressentir un mieux-\u00eatre sur tous les plans et de d\u00e9marrer de bonnes intentions pour prendre soin de soi<\/b><\/p>\n<div class=\"xdj266r x11i5rnm xat24cr x1mh8g0r x1vvkbs\">La sylvoth\u00e9rapie, \u00e9galement connue sous le nom de bain de for\u00eat, est une pratique qui permet de se connecter de mani\u00e8re consciente \u00e0 la nature, en particulier avec les arbres. La sylvoth\u00e9rapie s\u2019appuie sur l\u2019id\u00e9e que le contact avec les arbres a des effets b\u00e9n\u00e9fiques sur notre sant\u00e9 physique et mentale. En marchant dans la for\u00eat en conscience et en interagissant avec les arbres, nous r\u00e9duisons notre stress, am\u00e9liorons notre humeur, renfor\u00e7ons notre syst\u00e8me immunitaire et augmentons notre vitalit\u00e9.<\/div>\n<p>Les mouvements de Qi gong et de Taichi permettent de sentir l\u2019\u00e9nergie vitale (Chi) qui circule en nous et autour de nous. Ces pratiques font circuler le Chi dans le corps pour augmenter notre vitalit\u00e9. De plus l\u2019alignement, le travail centr\u00e9, l\u2019ancrage sont de pr\u00e9cieux outils pour la vie de tous les jours. La pratique du Taichi en contact avec la nature et les arbres offre une ouverture encore plus grande \u00e0 l\u2019unicit\u00e9 de notre \u00eatre (corps physique, mental, \u00e9nerg\u00e9tique)<\/p>\n<p><strong>Au programme :<\/strong><\/p>\n<p>\u2619 Sylvoth\u00e9rapie \u00ab Bain de For\u00eat \u00bb<br \/>\n\u2619 Pratiques de pleine conscience en contact avec les arbres<br \/>\n\u2619 Rituels de connexion avec la nature<br \/>\n\u2619 D\u00e9tente et relaxation, m\u00e9ditation centr\u00e9e, ancrage &amp; alignement<br \/>\n\u2619 Techniques de respiration (exercices en salle \u2013 pratiques dans les bois)<br \/>\n\u2619 Conscience corporelle &amp; ouverture aux corps subtils<br \/>\n\u2619 Pratique de Qi Gong dans la nature<br \/>\n\u2619 Mouvements de Tai Ji Quan<\/p>\n","protected":false},"featured_media":26351,"comment_status":"closed","ping_status":"closed","template":"","meta":[],"product_cat":[540],"product_tag":[],"_links":{"self":[{"href":"https:\/\/altearah.lu\/index.php?rest_route=\/wp\/v2\/product\/26350"}],"collection":[{"href":"https:\/\/altearah.lu\/index.php?rest_route=\/wp\/v2\/product"}],"about":[{"href":"https:\/\/altearah.lu\/index.php?rest_route=\/wp\/v2\/types\/product"}],"replies":[{"embeddable":true,"href":"https:\/\/altearah.lu\/index.php?rest_route=%2Fwp%2Fv2%2Fcomments&post=26350"}],"wp:featuredmedia":[{"embeddable":true,"href":"https:\/\/altearah.lu\/index.php?rest_route=\/wp\/v2\/media\/26351"}],"wp:attachment":[{"href":"https:\/\/altearah.lu\/index.php?rest_route=%2Fwp%2Fv2%2Fmedia&parent=26350"}],"wp:term":[{"taxonomy":"product_cat","embeddable":true,"href":"https:\/\/altearah.lu\/index.php?rest_route=%2Fwp%2Fv2%2Fproduct_cat&post=26350"},{"taxonomy":"product_tag","embeddable":true,"href":"https:\/\/altearah.lu\/index.php?rest_route=%2Fwp%2Fv2%2Fproduct_tag&post=26350"}],"curies":[{"name":"wp","href":"https:\/\/api.w.org\/{rel}","templated":true}]}}