{"id":26426,"date":"2025-06-18T14:44:45","date_gmt":"2025-06-18T12:44:45","guid":{"rendered":"https:\/\/altearah.lu\/?post_type=product&#038;p=26426"},"modified":"2026-04-06T08:24:16","modified_gmt":"2026-04-06T06:24:16","slug":"altearah-coffret-creme-sublime-serum-pourpre","status":"publish","type":"product","link":"https:\/\/altearah.lu\/?product=altearah-coffret-creme-sublime-serum-pourpre","title":{"rendered":"Altearah Coffret Cr\u00e8me Sublime + S\u00e9rum Pourpre"},"content":{"rendered":"","protected":false},"excerpt":{"rendered":"<p>Matin et soir sur le visage, le cou et le d\u00e9collet\u00e9. 1 \u00e0 3 pressions selon les besoins de votre peau. Pour une action renforc\u00e9e,\u00a0 appliquez ensuite la Cr\u00e8me SUBLIME.<\/p>\n<p>Le s\u00e9rum ENERGIE, riche en om\u00e9ga 3 et en provitamines, est un s\u00e9rum non gras \u00e0 base d\u2019huile qui renforce la peau, r\u00e9duit les taches pigmentaires et apporte de l\u2019\u00e9nergie au teint.<\/p>\n<p class=\"Standard\"><span lang=\"FR\">La Cr\u00e8me Neuroactive SUBLIME agit au c\u0153ur de la structure cellulaire pour pr\u00e9server la jeunesse de votre visage : hydrater, nourrir, tonifier et illuminer tous types de peaux.<\/span><span lang=\"FR\">\u00a0<\/span><\/p>\n<p class=\"Standard\"><span lang=\"FR\">Matin et\/ou soir quotidiennement sur une peau pr\u00e9alablement nettoy\u00e9e. Pour une action sp\u00e9cifique, utilisez en synergie avec un S\u00e9rum Altearah Bio ENERGIE.<\/span><span lang=\"FR\">\u00a0<\/span><\/p>\n<p><strong>Pr\u00e9cautions d\u2019emploi<\/strong>\u00a0: Agitez avant emploi. Ne pas avaler. Usage externe. Tenir hors de la port\u00e9e des enfants. \u00a0La faible concentration en huiles essentielles en fait un produit adapt\u00e9 aux femmes enceintes.<\/p>\n","protected":false},"featured_media":26427,"comment_status":"closed","ping_status":"closed","template":"","meta":[],"product_cat":[533,43,44],"product_tag":[],"_links":{"self":[{"href":"https:\/\/altearah.lu\/index.php?rest_route=\/wp\/v2\/product\/26426"}],"collection":[{"href":"https:\/\/altearah.lu\/index.php?rest_route=\/wp\/v2\/product"}],"about":[{"href":"https:\/\/altearah.lu\/index.php?rest_route=\/wp\/v2\/types\/product"}],"replies":[{"embeddable":true,"href":"https:\/\/altearah.lu\/index.php?rest_route=%2Fwp%2Fv2%2Fcomments&post=26426"}],"wp:featuredmedia":[{"embeddable":true,"href":"https:\/\/altearah.lu\/index.php?rest_route=\/wp\/v2\/media\/26427"}],"wp:attachment":[{"href":"https:\/\/altearah.lu\/index.php?rest_route=%2Fwp%2Fv2%2Fmedia&parent=26426"}],"wp:term":[{"taxonomy":"product_cat","embeddable":true,"href":"https:\/\/altearah.lu\/index.php?rest_route=%2Fwp%2Fv2%2Fproduct_cat&post=26426"},{"taxonomy":"product_tag","embeddable":true,"href":"https:\/\/altearah.lu\/index.php?rest_route=%2Fwp%2Fv2%2Fproduct_tag&post=26426"}],"curies":[{"name":"wp","href":"https:\/\/api.w.org\/{rel}","templated":true}]}}