{"id":26432,"date":"2025-06-18T14:46:06","date_gmt":"2025-06-18T12:46:06","guid":{"rendered":"https:\/\/altearah.lu\/?post_type=product&#038;p=26432"},"modified":"2026-02-17T12:44:31","modified_gmt":"2026-02-17T10:44:31","slug":"altearah-coffret-creme-sublime-serum-argent","status":"publish","type":"product","link":"https:\/\/altearah.lu\/?product=altearah-coffret-creme-sublime-serum-argent","title":{"rendered":"Altearah Coffret Cr\u00e8me Sublime + S\u00e9rum Argent"},"content":{"rendered":"","protected":false},"excerpt":{"rendered":"<p class=\"Standard\"><span lang=\"FR\">Le S\u00e9rum REPARATEUR est riche en extraits v\u00e9g\u00e9taux hautement actifs. L\u2019Argent prot\u00e8ge du stress oxydatif, r\u00e9duit les rougeurs, pr\u00e9vient le vieillissement et r\u00e9pare en profondeur.<\/span><\/p>\n<p>Matin et soir sur le visage, le cou et le d\u00e9collet\u00e9. 1 \u00e0 3 pressions selon les besoins de votre peau. Pour une action renforc\u00e9e,\u00a0 appliquez ensuite la Cr\u00e8me SUBLIME.<\/p>\n<p class=\"Standard\">\n<p class=\"Standard\"><span lang=\"FR\">Matin et\/ou soir quotidiennement sur une peau pr\u00e9alablement nettoy\u00e9e. Pour une action sp\u00e9cifique, utilisez en synergie avec un S\u00e9rum Altearah Bio REPARATION.<\/span><span lang=\"FR\">\u00a0<\/span><\/p>\n<p><strong>Pr\u00e9cautions d\u2019emploi<\/strong>\u00a0: Agitez avant emploi. Ne pas avaler. Usage externe. Tenir hors de la port\u00e9e des enfants. \u00a0La faible concentration en huiles essentielles en fait un produit adapt\u00e9 aux femmes enceintes.<\/p>\n","protected":false},"featured_media":26427,"comment_status":"closed","ping_status":"closed","template":"","meta":[],"product_cat":[533,43,44],"product_tag":[],"_links":{"self":[{"href":"https:\/\/altearah.lu\/index.php?rest_route=\/wp\/v2\/product\/26432"}],"collection":[{"href":"https:\/\/altearah.lu\/index.php?rest_route=\/wp\/v2\/product"}],"about":[{"href":"https:\/\/altearah.lu\/index.php?rest_route=\/wp\/v2\/types\/product"}],"replies":[{"embeddable":true,"href":"https:\/\/altearah.lu\/index.php?rest_route=%2Fwp%2Fv2%2Fcomments&post=26432"}],"wp:featuredmedia":[{"embeddable":true,"href":"https:\/\/altearah.lu\/index.php?rest_route=\/wp\/v2\/media\/26427"}],"wp:attachment":[{"href":"https:\/\/altearah.lu\/index.php?rest_route=%2Fwp%2Fv2%2Fmedia&parent=26432"}],"wp:term":[{"taxonomy":"product_cat","embeddable":true,"href":"https:\/\/altearah.lu\/index.php?rest_route=%2Fwp%2Fv2%2Fproduct_cat&post=26432"},{"taxonomy":"product_tag","embeddable":true,"href":"https:\/\/altearah.lu\/index.php?rest_route=%2Fwp%2Fv2%2Fproduct_tag&post=26432"}],"curies":[{"name":"wp","href":"https:\/\/api.w.org\/{rel}","templated":true}]}}