{"id":26549,"date":"2025-11-24T15:49:15","date_gmt":"2025-11-24T13:49:15","guid":{"rendered":"https:\/\/altearah.lu\/?post_type=product&#038;p=26549"},"modified":"2026-02-17T12:44:31","modified_gmt":"2026-02-17T10:44:31","slug":"altearah-trousse-routine-repulpante-visage","status":"publish","type":"product","link":"https:\/\/altearah.lu\/?product=altearah-trousse-routine-repulpante-visage","title":{"rendered":"Altearah Trousse &#8220;Routine repulpante visage&#8221; &#8211; Edition limit\u00e9e"},"content":{"rendered":"<p>INCI :<br \/>\nPRUNUS ARMENIACA KERNEL OIL*, PRUNUS DOMESTICA SEED OIL*, SESAMUM INDICUM SEED OIL*, ADANSONIA DIGITATA SEED OIL*, HELIANTHUS ANNUUS SEED OIL*, MORINGA OLEIFERA SEED OIL*, CALOPHYLLUM INOPHYLLUM SEED OIL*, CALENDULA OFFICINALIS FLOWER EXTRACT*, ROSMARINUS OFFICINALIS LEAF<br \/>\nEXTRACT*, BENZYL ALCOHOL, BENZALDEHYDE, VANILLIN.<br \/>\n*Ingr\u00e9dients issus de l\u2019Agriculture<br \/>\nBiologique.<br \/>\n100% du total des ingr\u00e9dients sont d\u2019origine naturelle. 100% du total des ingr\u00e9dients sont issus de l\u2019Agriculture Biologique.<\/p>\n","protected":false},"excerpt":{"rendered":"<h4>Trousse en tissu contenant une huile de massage visage 15 ml et un Gua sha<\/h4>\n<p>La routine repulpante visage est un rituel complet d&#8217;ol\u00e9oth\u00e9rapie.\u00a0 Quelques minutes suffisent pour repulper, lisser et illuminer la peau, tout en\u00a0 rel\u00e2chant les tensions du visage.<\/p>\n<h4>Focus produit<\/h4>\n<p>En associant l&#8217;Huile de Massage Visage Nutritive 100% biologique et le Gua Sha en m\u00e9tal, cette routine est un soin quotidien sensoriel et efficace pour une peau visiblement plus lumineuse.<\/p>\n<ul>\n<li>Active la microcirculation et redonne de l&#8217;\u00e9clat<\/li>\n<li>Favorise le drainage et la d\u00e9toxification<\/li>\n<li>Nourrit et repulpe la peau<\/li>\n<li>Relaxe les traits et redessine les contours<\/li>\n<\/ul>\n<h4>Huile de massage visage<\/h4>\n<ul>\n<li>Texture fluide, l\u00e9g\u00e8re et non grasse, parfaite pour le massage<\/li>\n<li>Enrichie en huile de Prune: nourrissante, repulpante, parfum naturel d&#8217;amande<\/li>\n<li>Complexe d&#8217;ol\u00e9oth\u00e9rapie: abricot, s\u00e9same, baobab, calendula, moringa, tamanu<\/li>\n<\/ul>\n<h4>Gua sha<\/h4>\n<ul>\n<li>Utilis\u00e9e \u00e0 plat sur la peau<\/li>\n<li>Permet de stimuler la circulation, rel\u00e2cher les tensions et sculpter l&#8217;ovale du visage<\/li>\n<li>Associ\u00e9 \u00e0 l&#8217;huile, il assure une glisse parfaite et optimise les bienfaits du rituel<\/li>\n<\/ul>\n","protected":false},"featured_media":26550,"comment_status":"closed","ping_status":"closed","template":"","meta":[],"product_cat":[533,514,44],"product_tag":[],"_links":{"self":[{"href":"https:\/\/altearah.lu\/index.php?rest_route=\/wp\/v2\/product\/26549"}],"collection":[{"href":"https:\/\/altearah.lu\/index.php?rest_route=\/wp\/v2\/product"}],"about":[{"href":"https:\/\/altearah.lu\/index.php?rest_route=\/wp\/v2\/types\/product"}],"replies":[{"embeddable":true,"href":"https:\/\/altearah.lu\/index.php?rest_route=%2Fwp%2Fv2%2Fcomments&post=26549"}],"wp:featuredmedia":[{"embeddable":true,"href":"https:\/\/altearah.lu\/index.php?rest_route=\/wp\/v2\/media\/26550"}],"wp:attachment":[{"href":"https:\/\/altearah.lu\/index.php?rest_route=%2Fwp%2Fv2%2Fmedia&parent=26549"}],"wp:term":[{"taxonomy":"product_cat","embeddable":true,"href":"https:\/\/altearah.lu\/index.php?rest_route=%2Fwp%2Fv2%2Fproduct_cat&post=26549"},{"taxonomy":"product_tag","embeddable":true,"href":"https:\/\/altearah.lu\/index.php?rest_route=%2Fwp%2Fv2%2Fproduct_tag&post=26549"}],"curies":[{"name":"wp","href":"https:\/\/api.w.org\/{rel}","templated":true}]}}