{"id":26614,"date":"2025-12-23T15:53:20","date_gmt":"2025-12-23T13:53:20","guid":{"rendered":"https:\/\/altearah.lu\/?post_type=product&#038;p=26614"},"modified":"2025-12-23T15:53:38","modified_gmt":"2025-12-23T13:53:38","slug":"gommage-masque-eclat-orange-150-ml","status":"publish","type":"product","link":"https:\/\/altearah.lu\/?product=gommage-masque-eclat-orange-150-ml","title":{"rendered":"Gommage-masque \u00c9clat Orange 150 ml"},"content":{"rendered":"<p><strong><span style=\"text-decoration: underline;\">INCI<\/span><\/strong>\u00a0: citrus aurantium dulcis (sweet orange) fruit water*, aqua (water), gluconolactone, sesamum indicum (sesame) seed oil*, caprylic\/capric triglyceride, cetearyl alcohol, glyceryl stearate SE, kaolin, C10-18 triglycerides, glycerin, prunus armeniaca (apricot) seed powder*, parfum (fragrance)*, potassium hydroxide, bentonite, limonene, cetearyl glucoside, punica granatum seed oil*, xanthan gum, maris aqua (sea water), chlorella vulgaris extract, laminaria digitata extract, maris sal (sea salt), olive oil decyl esters, tocopherol, sodium stearoyl glutamate, hydrated silica, squalene, saccharide isomerate, benzyl alcohol, phenethyl alcohol, sodium dehydroacetate, dehydroacetic acid, citric acid, lactic acid, linalool, eugenol, citral.<\/p>\n","protected":false},"excerpt":{"rendered":"<p style=\"text-align: justify;\">Cr\u00e9ez instantan\u00e9ment un teint \u00e9clatant et des pores parfaits gr\u00e2ce \u00e0 l&#8217;eau native d&#8217;orange et \u00e0 la poudre de noyaux d&#8217;abricots.\u00a0 Une action \u00e0 long terme gr\u00e2ce \u00e0 des extraits\u00a0 d&#8217;algues qui lissent le grain de la peau.\u00a0 Une exfoliation pour toutes les peaux gr\u00e2ce \u00e0 l&#8217;huile de grenade, une huile apaisant rare et puissante.\u00a0 \u00a0Une peau repulp\u00e9e gr\u00e2ce aux Exopolysaccharaides marins: &#8220;l&#8217;acide hyaluronique des mers&#8221;.<\/p>\n<p style=\"text-align: justify;\"><span style=\"text-decoration: underline;\"><strong>Composition<\/strong><\/span>:<\/p>\n<ul>\n<li style=\"text-align: justify;\">eau native d&#8217;orange: elle contient les oligo-\u00e9l\u00e9ments et enzymes de l&#8217;orange qui am\u00e9liorent la r\u00e9ceptivit\u00e9 cutan\u00e9e et potentialise l&#8217;efficacit\u00e9 du produit.<\/li>\n<li style=\"text-align: justify;\">\u00e9clat de noyaux d&#8217;abricots: exfoliant naturel<\/li>\n<li style=\"text-align: justify;\">huile de s\u00e9same: hydratante<\/li>\n<li style=\"text-align: justify;\">huile de grenade, extrait de laminaires, extraits de chlorella: apaisants, restructurants<\/li>\n<li style=\"text-align: justify;\">gluconolactone, EPS marin: perfecteurs de teint<\/li>\n<\/ul>\n<p style=\"text-align: justify;\"><strong><span style=\"text-decoration: underline;\">Conseil d&#8217;utilisation:<\/span><\/strong><\/p>\n<p style=\"text-align: justify;\">Deux fois par semaine, appliquez en couche \u00e9paisse sur le visage, le cou et le d\u00e9collet\u00e9.\u00a0 Laissez poser 5 \u00e0 10 minutes.\u00a0 Mouillez vos mains et exfoliez votre peau \u00e0 l&#8217;aide de mouvements circulaires.\u00a0 Rincez abondamment \u00e0 l&#8217;eau claire.<\/p>\n<p style=\"text-align: justify;\">98,5 % du total des ingr\u00e9dients est d&#8217;origine naturelle<br \/>\n32,5 % du total des ingr\u00e9dients sont issus de l&#8217;agriculture biologique<\/p>\n<p style=\"text-align: justify;\">\n","protected":false},"featured_media":23959,"comment_status":"closed","ping_status":"closed","template":"","meta":[],"product_cat":[43],"product_tag":[],"_links":{"self":[{"href":"https:\/\/altearah.lu\/index.php?rest_route=\/wp\/v2\/product\/26614"}],"collection":[{"href":"https:\/\/altearah.lu\/index.php?rest_route=\/wp\/v2\/product"}],"about":[{"href":"https:\/\/altearah.lu\/index.php?rest_route=\/wp\/v2\/types\/product"}],"replies":[{"embeddable":true,"href":"https:\/\/altearah.lu\/index.php?rest_route=%2Fwp%2Fv2%2Fcomments&post=26614"}],"wp:featuredmedia":[{"embeddable":true,"href":"https:\/\/altearah.lu\/index.php?rest_route=\/wp\/v2\/media\/23959"}],"wp:attachment":[{"href":"https:\/\/altearah.lu\/index.php?rest_route=%2Fwp%2Fv2%2Fmedia&parent=26614"}],"wp:term":[{"taxonomy":"product_cat","embeddable":true,"href":"https:\/\/altearah.lu\/index.php?rest_route=%2Fwp%2Fv2%2Fproduct_cat&post=26614"},{"taxonomy":"product_tag","embeddable":true,"href":"https:\/\/altearah.lu\/index.php?rest_route=%2Fwp%2Fv2%2Fproduct_tag&post=26614"}],"curies":[{"name":"wp","href":"https:\/\/api.w.org\/{rel}","templated":true}]}}