{"id":3633,"date":"2015-08-03T10:05:36","date_gmt":"2015-08-03T08:05:36","guid":{"rendered":"http:\/\/hedgoon.com\/?post_type=product&#038;p=3633"},"modified":"2025-12-23T15:54:26","modified_gmt":"2025-12-23T13:54:26","slug":"gommage-400-grs-emeraude","status":"publish","type":"product","link":"https:\/\/altearah.lu\/?product=gommage-400-grs-emeraude","title":{"rendered":"Gommage 400 grs Emeraude"},"content":{"rendered":"<p align=\"JUSTIFY\"><span style=\"font-family: Times New Roman,serif;\"><span style=\"font-size: medium;\"><strong>COMMENT LES UTILISER\u00a0<\/strong>&#8211; A la fin de la douche, apr\u00e8s avoir bien m\u00e9lang\u00e9 le produit, prenez une petite quantit\u00e9 de gommage et appliquez-l\u00e0 sur la peau. Le sel va fondre au contact de l&#8217;eau et, sous l&#8217;effet du massage, va lib\u00e9rer ses sels min\u00e9raux et ses oligo\u00e9l\u00e9ments<\/span><\/span><\/p>\n<p align=\"JUSTIFY\"><span style=\"font-family: Times New Roman,serif;\"><span style=\"font-size: medium;\"><strong>COMPOSITION<\/strong> &#8211; Sel de l&#8217;Himalaya (80 %) 100 % naturel, huile de s\u00e9same, (18 %), huiles essentielles bio (2 %): Pin, Citron, Lavadin, Orange douce, Bergamote, Clou de girofle, Romarin, Mandarine, Eucalyptus.<\/span><\/span><\/p>\n<p><strong>CONTRE-INDICATION:\u00a0<\/strong>Ne convient pas aux femmes enceintes ni aux enfants de moins de 36 mois. \u00a0Ne pas s&#8217;exposer au soleil.<\/p>\n<p>&nbsp;<\/p>\n","protected":false},"excerpt":{"rendered":"<h2 class=\"western\" align=\"JUSTIFY\"><strong><span style=\"font-family: Times New Roman,serif;\"><span style=\"font-size: medium;\"><em>Des couleurs pour faire peau neuve<\/em><\/span><\/span><\/strong><\/h2>\n<p>L\u2019\u00c9meraude reconstitue un espace vital protecteur, pour \u00e9chapper aux pressions de toutes sortes.<\/p>\n","protected":false},"featured_media":23965,"comment_status":"closed","ping_status":"closed","template":"","meta":[],"product_cat":[48],"product_tag":[29],"_links":{"self":[{"href":"https:\/\/altearah.lu\/index.php?rest_route=\/wp\/v2\/product\/3633"}],"collection":[{"href":"https:\/\/altearah.lu\/index.php?rest_route=\/wp\/v2\/product"}],"about":[{"href":"https:\/\/altearah.lu\/index.php?rest_route=\/wp\/v2\/types\/product"}],"replies":[{"embeddable":true,"href":"https:\/\/altearah.lu\/index.php?rest_route=%2Fwp%2Fv2%2Fcomments&post=3633"}],"wp:featuredmedia":[{"embeddable":true,"href":"https:\/\/altearah.lu\/index.php?rest_route=\/wp\/v2\/media\/23965"}],"wp:attachment":[{"href":"https:\/\/altearah.lu\/index.php?rest_route=%2Fwp%2Fv2%2Fmedia&parent=3633"}],"wp:term":[{"taxonomy":"product_cat","embeddable":true,"href":"https:\/\/altearah.lu\/index.php?rest_route=%2Fwp%2Fv2%2Fproduct_cat&post=3633"},{"taxonomy":"product_tag","embeddable":true,"href":"https:\/\/altearah.lu\/index.php?rest_route=%2Fwp%2Fv2%2Fproduct_tag&post=3633"}],"curies":[{"name":"wp","href":"https:\/\/api.w.org\/{rel}","templated":true}]}}