{"id":3640,"date":"2015-04-01T10:08:31","date_gmt":"2015-04-01T08:08:31","guid":{"rendered":"http:\/\/hedgoon.com\/?product=altearah-gommage-400-grs-turquoise"},"modified":"2025-12-23T15:54:26","modified_gmt":"2025-12-23T13:54:26","slug":"gommage-400-grs-turquoise","status":"publish","type":"product","link":"https:\/\/altearah.lu\/?product=gommage-400-grs-turquoise","title":{"rendered":"Gommage 400 grs Turquoise"},"content":{"rendered":"<h3 class=\"western\" align=\"JUSTIFY\"><span style=\"font-family: Times New Roman,serif;\"><span style=\"font-size: medium;\">Comment les utiliser ?<\/span><\/span><\/h3>\n<p align=\"JUSTIFY\"><span style=\"font-family: Times New Roman,serif;\"><span style=\"font-size: medium;\">A la fin de la douche, apr\u00e8s avoir bien m\u00e9lang\u00e9 le produit, prenez une petite quantit\u00e9 de gommage naturel et appliquez-l\u00e0 sur la peau. Le sel va fondre au contact de l\u2019eau et, sous l\u2019effet du massage, va lib\u00e9rer ses sels min\u00e9raux et ses oligo\u00e9l\u00e9ments.<\/span><\/span><\/p>\n<p><strong>Composition:\u00a0<\/strong>Sel de l&#8217;Himalaya (80 %) 100 % naturel, huile de s\u00e9same, (18 %), huiles essentielles bio (2 %):\u00a0Ylang Ylang, Orange douce, C\u00e8dre, Bergamote, Eucalyptus, Lavandin, Palmarosa, Lavande, Menthe, Citron, G\u00e9ranium.<\/p>\n<p><strong>CONTRE-INDICATION:\u00a0<\/strong>Ne convient pas aux femmes enceintes ni aux enfants de moins de 36 mois. Ne pas s&#8217;exposer au soleil.<\/p>\n<p>&nbsp;<\/p>\n","protected":false},"excerpt":{"rendered":"<h1 class=\"western\" align=\"JUSTIFY\"><span style=\"font-family: Times New Roman,serif;\"><span style=\"font-size: medium;\"><em>Des couleurs pour faire peau neuve<\/em><\/span><\/span><\/h1>\n<p class=\"western\" align=\"JUSTIFY\"><span style=\"font-family: Times New Roman,serif;\"><span style=\"font-size: medium;\">Nettoie et hydrate la peau, intens\u00e9ment.<\/span><\/span><\/p>\n<p align=\"JUSTIFY\"><span style=\"font-family: Times New Roman,serif;\"><span style=\"font-size: medium;\">Fabriqu\u00e9s \u00e0 partir de sel de l\u2019Himalaya, d\u2019huiles essentielles et v\u00e9g\u00e9tales bio, les <\/span><\/span><strong><span style=\"font-family: Times New Roman,serif;\"><span style=\"font-size: medium;\">Gommages Altearah Bio<\/span><\/span><\/strong><span style=\"font-family: Times New Roman,serif;\"><span style=\"font-size: medium;\"> (*) sont de fabuleux produits 2 en 1. A la fois soins exfoliants et hydratants, ils nettoient l\u2019\u00e9piderme en profondeur, \u00e9liminent les cellules mortes charg\u00e9es d\u2019impuret\u00e9s, affinent la peau, et stimulent la circulation sanguine. La peau est liss\u00e9e, parfaitement hydrat\u00e9e et tr\u00e8s douce au toucher. Un geste de beaut\u00e9 essentiel, \u00e0 adopter au moins une fois par semaine pour les peaux normales, et une fois tous les quinze jours pour les peaux s\u00e8ches et sensibles.<\/span><\/span><\/p>\n","protected":false},"featured_media":23963,"comment_status":"closed","ping_status":"closed","template":"","meta":[],"product_cat":[48],"product_tag":[173],"_links":{"self":[{"href":"https:\/\/altearah.lu\/index.php?rest_route=\/wp\/v2\/product\/3640"}],"collection":[{"href":"https:\/\/altearah.lu\/index.php?rest_route=\/wp\/v2\/product"}],"about":[{"href":"https:\/\/altearah.lu\/index.php?rest_route=\/wp\/v2\/types\/product"}],"replies":[{"embeddable":true,"href":"https:\/\/altearah.lu\/index.php?rest_route=%2Fwp%2Fv2%2Fcomments&post=3640"}],"wp:featuredmedia":[{"embeddable":true,"href":"https:\/\/altearah.lu\/index.php?rest_route=\/wp\/v2\/media\/23963"}],"wp:attachment":[{"href":"https:\/\/altearah.lu\/index.php?rest_route=%2Fwp%2Fv2%2Fmedia&parent=3640"}],"wp:term":[{"taxonomy":"product_cat","embeddable":true,"href":"https:\/\/altearah.lu\/index.php?rest_route=%2Fwp%2Fv2%2Fproduct_cat&post=3640"},{"taxonomy":"product_tag","embeddable":true,"href":"https:\/\/altearah.lu\/index.php?rest_route=%2Fwp%2Fv2%2Fproduct_tag&post=3640"}],"curies":[{"name":"wp","href":"https:\/\/api.w.org\/{rel}","templated":true}]}}