{"id":3642,"date":"2015-03-17T10:17:15","date_gmt":"2015-03-17T08:17:15","guid":{"rendered":"http:\/\/hedgoon.com\/?product=altearah-sels-de-bain-turquoise"},"modified":"2025-12-23T15:56:52","modified_gmt":"2025-12-23T13:56:52","slug":"sels-de-bain-turquoise-900g","status":"publish","type":"product","link":"https:\/\/altearah.lu\/?product=sels-de-bain-turquoise-900g","title":{"rendered":"Sels de bain Turquoise 900 g"},"content":{"rendered":"<p><strong>COMMENT LES UTILISER &#8211;<\/strong><br \/>\n* Pour vous d\u00e9tendre enti\u00e8rement au cours du bain, versez les Sels de Bain dans une eau \u00e0 36 \u2013 38\u00b0, et d\u00e9lassez-vous une vingtaine de minutes, en inhalant profond\u00e9ment les vapeurs parfum\u00e9es. Rincez-vous \u00e0 l&#8217;eau claire.<br \/>\n* Ou bien offrez-vous un bain de pieds avec 150 g de sel dans une eau ti\u00e8de.<\/p>\n<p><strong>COMPOSITION<\/strong> &#8211; Sel de l&#8217;Himalaya (100 %), huiles essentielles bio: Ylang Ylang, Orange douce, C\u00e8dre, Bergamote, Eucalyptus, Lavandin, Palmarosa, Lavande, Menthe, Citron, G\u00e9ranium.<\/p>\n<p><strong>CONTRE-INDICATION:\u00a0<\/strong>Ne convient pas aux femmes enceintes ni aux enfants de moins de 36 mois. \u00a0Ne pas s&#8217;exposer au soleil.<\/p>\n<p>&nbsp;<\/p>\n","protected":false},"excerpt":{"rendered":"<h2 style=\"text-align: justify;\"><em>Tout le plaisir d\u2019un bain en couleur<\/em><\/h2>\n<h2 style=\"text-align: justify;\"><em>\u00a0<\/em><\/h2>\n<p>Le Turquoise dispense un effet antistress et offre d\u00e9tente, ouverture, \u00e9vasion. C&#8217;est la couleur de la communication, de la clart\u00e9, du partage, de la tranquillit\u00e9, de la beaut\u00e9.<\/p>\n<p>&nbsp;<\/p>\n","protected":false},"featured_media":23968,"comment_status":"open","ping_status":"closed","template":"","meta":[],"product_cat":[50],"product_tag":[173],"_links":{"self":[{"href":"https:\/\/altearah.lu\/index.php?rest_route=\/wp\/v2\/product\/3642"}],"collection":[{"href":"https:\/\/altearah.lu\/index.php?rest_route=\/wp\/v2\/product"}],"about":[{"href":"https:\/\/altearah.lu\/index.php?rest_route=\/wp\/v2\/types\/product"}],"replies":[{"embeddable":true,"href":"https:\/\/altearah.lu\/index.php?rest_route=%2Fwp%2Fv2%2Fcomments&post=3642"}],"wp:featuredmedia":[{"embeddable":true,"href":"https:\/\/altearah.lu\/index.php?rest_route=\/wp\/v2\/media\/23968"}],"wp:attachment":[{"href":"https:\/\/altearah.lu\/index.php?rest_route=%2Fwp%2Fv2%2Fmedia&parent=3642"}],"wp:term":[{"taxonomy":"product_cat","embeddable":true,"href":"https:\/\/altearah.lu\/index.php?rest_route=%2Fwp%2Fv2%2Fproduct_cat&post=3642"},{"taxonomy":"product_tag","embeddable":true,"href":"https:\/\/altearah.lu\/index.php?rest_route=%2Fwp%2Fv2%2Fproduct_tag&post=3642"}],"curies":[{"name":"wp","href":"https:\/\/api.w.org\/{rel}","templated":true}]}}