{"id":3872,"date":"2015-08-06T16:07:25","date_gmt":"2015-08-06T14:07:25","guid":{"rendered":"http:\/\/hedgoon.com\/?post_type=product&#038;p=3872"},"modified":"2024-12-12T16:54:45","modified_gmt":"2024-12-12T14:54:45","slug":"nuancier-color-test","status":"publish","type":"product","link":"https:\/\/altearah.lu\/?product=nuancier-color-test","title":{"rendered":"Nuancier Color Test"},"content":{"rendered":"<p>INSTRUCTIONS &#8211; Saisissez le Colour Test\u00ae et choisissez de fa\u00e7on spontan\u00e9e 4 couleurs, celles qui attirent votre \u0153il dans l&#8217;instant :<br \/>\n*\u00a0 La 1\u00e8re couleur repr\u00e9sente le besoin de l&#8217;instant, l&#8217;\u00e9nergie dont vous avez besoin pour vous rencontrer et vous poser. C&#8217;est la couleur du jour.<br \/>\n*\u00a0 La 2\u00e8me couleur repr\u00e9sente le d\u00e9ficit \u00e9nerg\u00e9tique, le besoin de la p\u00e9riode ou la probl\u00e9matique de fond.<br \/>\n*\u00a0 La 3\u00e8me couleur (facultative) facilite l&#8217;int\u00e9gration de la 2\u00e8me couleur, si l&#8217;acc\u00e8s olfactif vous en est difficile.<br \/>\n*\u00a0 La 4\u00e8me couleur repr\u00e9sente votre prochaine \u00e9tape de vie, l&#8217;\u00e9nergie ou le potentiel que vous allez \u00ab contacter \u00bb gr\u00e2ce \u00e0 l&#8217;\u00e9quilibre de la 2\u00e8me couleur.<\/p>\n<p>*\u00a0 1er cas : vous percevez l&#8217;odeur comme agr\u00e9able ; le besoin est momentan\u00e9.<br \/>\n*\u00a0 2\u00e8me cas : l&#8217;odeur est un peu agressive, pas tr\u00e8s agr\u00e9able mais peut \u00e9voluer au cours de l&#8217;olfaction ; d\u00e9s\u00e9quilibre li\u00e9 \u00e0 des \u00e9v\u00e8nements donn\u00e9s r\u00e9cents.<br \/>\n*\u00a0 3\u00e8me cas : rejet, l&#8217;odeur vous d\u00e9plait fortement ; le d\u00e9s\u00e9quilibre est chronique et profond.<\/p>\n<p>&nbsp;<\/p>\n<p>&nbsp;<\/p>\n","protected":false},"excerpt":{"rendered":"<p>Le Colour Test\u00ae : un nuancier des 14 Couleurs ALTEARAH BIO, pour vous aider \u00e0 s\u00e9lectionner, d\u00e9lib\u00e9r\u00e9ment ou instinctivement, la composition aromatique qui vous fera plaisir, et vous apportera le bien-\u00eatre recherch\u00e9.<\/p>\n","protected":false},"featured_media":23958,"comment_status":"closed","ping_status":"closed","template":"","meta":[],"product_cat":[52,48,49,50,51,44],"product_tag":[],"_links":{"self":[{"href":"https:\/\/altearah.lu\/index.php?rest_route=\/wp\/v2\/product\/3872"}],"collection":[{"href":"https:\/\/altearah.lu\/index.php?rest_route=\/wp\/v2\/product"}],"about":[{"href":"https:\/\/altearah.lu\/index.php?rest_route=\/wp\/v2\/types\/product"}],"replies":[{"embeddable":true,"href":"https:\/\/altearah.lu\/index.php?rest_route=%2Fwp%2Fv2%2Fcomments&post=3872"}],"wp:featuredmedia":[{"embeddable":true,"href":"https:\/\/altearah.lu\/index.php?rest_route=\/wp\/v2\/media\/23958"}],"wp:attachment":[{"href":"https:\/\/altearah.lu\/index.php?rest_route=%2Fwp%2Fv2%2Fmedia&parent=3872"}],"wp:term":[{"taxonomy":"product_cat","embeddable":true,"href":"https:\/\/altearah.lu\/index.php?rest_route=%2Fwp%2Fv2%2Fproduct_cat&post=3872"},{"taxonomy":"product_tag","embeddable":true,"href":"https:\/\/altearah.lu\/index.php?rest_route=%2Fwp%2Fv2%2Fproduct_tag&post=3872"}],"curies":[{"name":"wp","href":"https:\/\/api.w.org\/{rel}","templated":true}]}}