{"id":7029,"date":"2015-08-05T15:51:09","date_gmt":"2015-08-05T13:51:09","guid":{"rendered":"http:\/\/caracterre.eu\/?product=promo-altearah-gommage-400-grs-pourpre-gopp400-copier"},"modified":"2025-12-23T15:54:26","modified_gmt":"2025-12-23T13:54:26","slug":"gommage-400-grs-pourpre","status":"publish","type":"product","link":"https:\/\/altearah.lu\/?product=gommage-400-grs-pourpre","title":{"rendered":"Gommage 400 grs Pourpre"},"content":{"rendered":"<p align=\"JUSTIFY\"><span style=\"font-family: Times New Roman,serif;\"><span style=\"font-size: medium;\"><strong>COMMENT LES UTILISER<\/strong> &#8211; A la fin de la douche, apr\u00e8s avoir bien m\u00e9lang\u00e9 le produit, prenez une petite quantit\u00e9 de gommage et appliquez-l\u00e0 sur la peau. Le sel va fondre au contact de l&#8217;eau et, sous l&#8217;effet du massage, va lib\u00e9rer ses sels min\u00e9raux et ses oligo\u00e9l\u00e9ments<\/span><\/span><\/p>\n<p align=\"JUSTIFY\"><span style=\"font-family: Times New Roman,serif;\"><span style=\"font-size: medium;\"><strong>COMPOSITION<\/strong> &#8211; Sel de l&#8217;Himalaya (80 %) 100 % naturel, huile de s\u00e9same, (18 %), huiles essentielles bio (2 %):\u00a0C\u00e8dre, Lavandin, Patchouli, Clou de Girofle, Orange douce, Bergamote, G\u00e9ranium, Romarin officinal, Geni\u00e8vre.<\/span><\/span><\/p>\n<p style=\"text-align: justify;\"><strong>CONTRE-INDICATION:\u00a0<\/strong>Ne convient pas aux femmes enceintes ni aux enfants de moins de 36 mois. \u00a0Ne pas s&#8217;exposer au soleil.<\/p>\n<p style=\"text-align: justify;\">\n","protected":false},"excerpt":{"rendered":"<h2 style=\"text-align: justify;\"><em>Des couleurs pour faire peau neuve<\/em><\/h2>\n<h2 style=\"text-align: justify;\"><em>\u00a0<\/em><\/h2>\n<p style=\"text-align: justify;\">Le Pourpre est la couleur de l\u2019\u00e9nergie de vie, de la force. Sa profondeur enracine et stabilise. Les Huiles Essentielles et la couleur de cette fragrance induisent dans le corps une sensation de r\u00e9confort, de revitalisation, de chaleur int\u00e9rieure, de pr\u00e9sence et de s\u00e9curit\u00e9.<\/p>\n<p style=\"text-align: justify;\">Un geste essentiel de beaut\u00e9 \u00e0 adopter au moins une fois par semaine pour les peaux normales, et une fois tous les quinze jours pour une peau s\u00e8che et sensible. A la fois soin exfoliant et hydratant, ils nettoient la peau en profondeur, \u00e9liminent les cellules mortes charg\u00e9es d\u2019impuret\u00e9s, affinent la peau, et stimulent la circulation sanguine. La peau est liss\u00e9e, parfaitement hydrat\u00e9e et tr\u00e8s douce au toucher.<\/p>\n","protected":false},"featured_media":23967,"comment_status":"open","ping_status":"closed","template":"","meta":[],"product_cat":[48],"product_tag":[35],"_links":{"self":[{"href":"https:\/\/altearah.lu\/index.php?rest_route=\/wp\/v2\/product\/7029"}],"collection":[{"href":"https:\/\/altearah.lu\/index.php?rest_route=\/wp\/v2\/product"}],"about":[{"href":"https:\/\/altearah.lu\/index.php?rest_route=\/wp\/v2\/types\/product"}],"replies":[{"embeddable":true,"href":"https:\/\/altearah.lu\/index.php?rest_route=%2Fwp%2Fv2%2Fcomments&post=7029"}],"wp:featuredmedia":[{"embeddable":true,"href":"https:\/\/altearah.lu\/index.php?rest_route=\/wp\/v2\/media\/23967"}],"wp:attachment":[{"href":"https:\/\/altearah.lu\/index.php?rest_route=%2Fwp%2Fv2%2Fmedia&parent=7029"}],"wp:term":[{"taxonomy":"product_cat","embeddable":true,"href":"https:\/\/altearah.lu\/index.php?rest_route=%2Fwp%2Fv2%2Fproduct_cat&post=7029"},{"taxonomy":"product_tag","embeddable":true,"href":"https:\/\/altearah.lu\/index.php?rest_route=%2Fwp%2Fv2%2Fproduct_tag&post=7029"}],"curies":[{"name":"wp","href":"https:\/\/api.w.org\/{rel}","templated":true}]}}