{"id":863,"date":"2015-07-23T13:49:03","date_gmt":"2015-07-23T11:49:03","guid":{"rendered":"http:\/\/192.168.90.132\/caracterre\/?post_type=product&#038;p=863"},"modified":"2025-12-23T15:56:09","modified_gmt":"2025-12-23T13:56:09","slug":"parfum-argent-30ml","status":"publish","type":"product","link":"https:\/\/altearah.lu\/?product=parfum-argent-30ml","title":{"rendered":"Parfum de soin Argent 30 ml"},"content":{"rendered":"<p style=\"text-align: justify;\"><strong>UTILISATION<\/strong>: Pour se parfumer et donner une note color\u00e9e \u00e0 sa journ\u00e9e: en vaporisation l\u00e9g\u00e8re au creux du cou et derri\u00e8re les oreilles. Pour un bien-\u00eatre instantan\u00e9: les couleurs qui se respirent avec le rituel Altearah Bio.<\/p>\n<p style=\"text-align: justify;\">&#8211; Plusieurs fois par jour, vaporiser 2 ou 3 fois dans le creux des mains<br \/>\n&#8211; Frotter pour faire \u00e9vaporer l\u2019alcool<br \/>\n&#8211; Placer les mains devant le visage<br \/>\n&#8211; Respirer profond\u00e9ment 3 fois en fermant les yeux<\/p>\n<p style=\"text-align: justify;\"><em>L\u2019information contenue dans les principes actifs est transmise au cerveau tr\u00e8s rapidement par les bulbes olfactifs. La r\u00e9action du corps est quasi imm\u00e9diate.<\/em><\/p>\n<p style=\"text-align: justify;\"><strong>COMPOSITION<\/strong>: Alcool de bl\u00e9, Huiles essentielles bio (10%):\u00a0H\u00e9lichryse, Orange douce, Lavande, G\u00e9ranium.<\/p>\n<p style=\"text-align: justify;\"><strong>BENEFICES<\/strong>: Action bien-\u00eatre imm\u00e9diate et intense. Facile \u00e0 utiliser partout, en toute circonstance et en quelques secondes. Peut aussi \u00eatre utilis\u00e9 en vaporisation chez soi ou au bureau.<\/p>\n<p style=\"text-align: justify;\"><strong>CONDITIONNEMENT<\/strong>: Disponible dans les 14 couleurs. Flacon individuel de 30ml.<\/p>\n<p style=\"text-align: justify;\"><strong>CONTRE-INDICATION:\u00a0<\/strong>Ne convient pas aux femmes enceintes ni aux enfants de moins de 36 mois. \u00a0Ne pas s&#8217;exposer au soleil.<\/p>\n<p>&nbsp;<\/p>\n","protected":false},"excerpt":{"rendered":"<h2><em>Un parfum pour mon humeur, un soin pour mon corps.<\/em><\/h2>\n<p>&nbsp;<\/p>\n<p style=\"text-align: justify;\">L&#8217;argent est tout indiqu\u00e9 pour soulager les petits maux. Il aide aussi \u00e0 retrouver ses esprits apr\u00e8s un choc. Il est li\u00e9 \u00e0 l\u2019\u00e9nergie de la lune, de la polarit\u00e9 f\u00e9minine. Il r\u00e9inscrit les choses dans un ordre naturel.<\/p>\n<p style=\"text-align: justify;\">Parfums naturels, mais aussi parfums d&#8217;olfaction, les Eaux de Parfum Altearah Bio se respirent plusieurs fois par jour, en un rituel de bien-\u00eatre. La facilit\u00e9 du geste en fait un produit \u00e0 utiliser partout et quand on veut. L&#8217;id\u00e9al est de toujours l&#8217;avoir sur soi !<\/p>\n<p style=\"text-align: justify;\">\n","protected":false},"featured_media":12059,"comment_status":"open","ping_status":"closed","template":"","meta":[],"product_cat":[52],"product_tag":[25],"_links":{"self":[{"href":"https:\/\/altearah.lu\/index.php?rest_route=\/wp\/v2\/product\/863"}],"collection":[{"href":"https:\/\/altearah.lu\/index.php?rest_route=\/wp\/v2\/product"}],"about":[{"href":"https:\/\/altearah.lu\/index.php?rest_route=\/wp\/v2\/types\/product"}],"replies":[{"embeddable":true,"href":"https:\/\/altearah.lu\/index.php?rest_route=%2Fwp%2Fv2%2Fcomments&post=863"}],"wp:featuredmedia":[{"embeddable":true,"href":"https:\/\/altearah.lu\/index.php?rest_route=\/wp\/v2\/media\/12059"}],"wp:attachment":[{"href":"https:\/\/altearah.lu\/index.php?rest_route=%2Fwp%2Fv2%2Fmedia&parent=863"}],"wp:term":[{"taxonomy":"product_cat","embeddable":true,"href":"https:\/\/altearah.lu\/index.php?rest_route=%2Fwp%2Fv2%2Fproduct_cat&post=863"},{"taxonomy":"product_tag","embeddable":true,"href":"https:\/\/altearah.lu\/index.php?rest_route=%2Fwp%2Fv2%2Fproduct_tag&post=863"}],"curies":[{"name":"wp","href":"https:\/\/api.w.org\/{rel}","templated":true}]}}