{"id":871,"date":"2015-07-24T14:06:12","date_gmt":"2015-07-24T12:06:12","guid":{"rendered":"http:\/\/192.168.90.132\/caracterre\/product\/althearah-parfums-blanc-2\/"},"modified":"2026-04-07T08:59:02","modified_gmt":"2026-04-07T06:59:02","slug":"parfum-blanc-30ml","status":"publish","type":"product","link":"https:\/\/altearah.lu\/?product=parfum-blanc-30ml","title":{"rendered":"Parfum de soin Blanc 30 ml"},"content":{"rendered":"<p style=\"text-align: justify;\"><strong>UTILISATION<\/strong>: Pour se parfumer et donner une note color\u00e9e \u00e0 sa journ\u00e9e: en vaporisation l\u00e9g\u00e8re au creux du cou et derri\u00e8re les oreilles. Pour un bien-\u00eatre instantan\u00e9: les couleurs qui se respirent avec le rituel Altearah Bio.<\/p>\n<p style=\"text-align: justify;\">&#8211; Plusieurs fois par jour, vaporiser 2 ou 3 fois dans le creux des mains<br \/>\n&#8211; Frotter pour faire \u00e9vaporer l\u2019alcool<br \/>\n&#8211; Placer les mains devant le visage<br \/>\n&#8211; Respirer profond\u00e9ment 3 fois en fermant les yeux<\/p>\n<p style=\"text-align: justify;\"><em>L\u2019information contenue dans les principes actifs est transmise au cerveau tr\u00e8s rapidement par les bulbes olfactifs. La r\u00e9action du corps est quasi imm\u00e9diate.<\/em><\/p>\n<p style=\"text-align: justify;\"><strong>COMPOSITION<\/strong>: Alcool de bl\u00e9, Huiles essentielles bio (10%):\u00a0Tea tree, C\u00e8dre, Lavande, Orange douce.<\/p>\n<p style=\"text-align: justify;\"><strong>BENEFICES<\/strong>: Action bien-\u00eatre imm\u00e9diate et intense. Facile \u00e0 utiliser partout, en toute circonstance et en quelques secondes. Peut aussi \u00eatre utilis\u00e9 en vaporisation chez soi ou au bureau.<\/p>\n<p style=\"text-align: justify;\"><strong>CONDITIONNEMENT<\/strong>: Disponible dans les 14 couleurs. Flacon individuel de 30ml.<\/p>\n<p style=\"text-align: justify;\"><strong>CONTRE-INDICATION:\u00a0<\/strong>Ne convient pas aux femmes enceintes ni aux enfants de moins de 36 mois. \u00a0Ne pas s&#8217;exposer au soleil.<\/p>\n<p>&nbsp;<\/p>\n","protected":false},"excerpt":{"rendered":"<h2><em>Un parfum pour mon humeur, un soin pour mon corps.<\/em><\/h2>\n<p style=\"text-align: justify;\">Avec le Blanc, le corps est plus net, revitalis\u00e9 et purifi\u00e9, comme \u00abr\u00e9-harmonis\u00e9\u00bb. Les Huiles Essentielles et la couleur qui composent cette fragrance apportent un grand sentiment de puret\u00e9 et de revitalisation.<strong><br \/>\n<\/strong><\/p>\n<p style=\"text-align: justify;\">Parfums naturels, mais aussi parfums d&#8217;olfaction, les Eaux de Parfum Altearah Bio se respirent plusieurs fois par jour, en un rituel de bien-\u00eatre. La facilit\u00e9 du geste en fait un produit \u00e0 utiliser partout et quand on veut. L&#8217;id\u00e9al est de toujours l&#8217;avoir sur soi !<\/p>\n<p style=\"text-align: justify;\">\n","protected":false},"featured_media":12060,"comment_status":"open","ping_status":"closed","template":"","meta":[],"product_cat":[52],"product_tag":[27],"_links":{"self":[{"href":"https:\/\/altearah.lu\/index.php?rest_route=\/wp\/v2\/product\/871"}],"collection":[{"href":"https:\/\/altearah.lu\/index.php?rest_route=\/wp\/v2\/product"}],"about":[{"href":"https:\/\/altearah.lu\/index.php?rest_route=\/wp\/v2\/types\/product"}],"replies":[{"embeddable":true,"href":"https:\/\/altearah.lu\/index.php?rest_route=%2Fwp%2Fv2%2Fcomments&post=871"}],"wp:featuredmedia":[{"embeddable":true,"href":"https:\/\/altearah.lu\/index.php?rest_route=\/wp\/v2\/media\/12060"}],"wp:attachment":[{"href":"https:\/\/altearah.lu\/index.php?rest_route=%2Fwp%2Fv2%2Fmedia&parent=871"}],"wp:term":[{"taxonomy":"product_cat","embeddable":true,"href":"https:\/\/altearah.lu\/index.php?rest_route=%2Fwp%2Fv2%2Fproduct_cat&post=871"},{"taxonomy":"product_tag","embeddable":true,"href":"https:\/\/altearah.lu\/index.php?rest_route=%2Fwp%2Fv2%2Fproduct_tag&post=871"}],"curies":[{"name":"wp","href":"https:\/\/api.w.org\/{rel}","templated":true}]}}