{"id":872,"date":"2015-07-27T14:06:37","date_gmt":"2015-07-27T12:06:37","guid":{"rendered":"http:\/\/192.168.90.132\/caracterre\/product\/althearah-parfums-bleu-2\/"},"modified":"2025-12-23T15:56:09","modified_gmt":"2025-12-23T13:56:09","slug":"parfum-bleu-30ml","status":"publish","type":"product","link":"https:\/\/altearah.lu\/?product=parfum-bleu-30ml","title":{"rendered":"Parfum de soin Bleu 30 ml"},"content":{"rendered":"<h3 align=\"JUSTIFY\"><span style=\"font-family: Times New Roman,serif;\"><span style=\"font-size: medium;\">CONSEIL D&#8217;UTILISATION &#8211;<\/span><\/span><\/h3>\n<p align=\"JUSTIFY\"><span style=\"font-family: Times New Roman,serif;\"><span style=\"font-size: medium;\">* Plusieurs fois par jour, vaporisez 2 ou 3 fois au creux des mains, frottez-les pour \u00e9vaporer l&#8217;alcool, placez-les pr\u00e8s du visage et respirez profond\u00e9ment 3 fois en fermant les yeux.<\/span><\/span><\/p>\n<p align=\"JUSTIFY\"><span style=\"font-family: Times New Roman,serif;\"><span style=\"font-size: medium;\">* Ou bien vaporisez l\u00e9g\u00e8rement au creux du cou, pour donner une couleur particuli\u00e8re \u00e0 votre journ\u00e9e.<\/span><\/span><\/p>\n<p align=\"JUSTIFY\"><span style=\"font-family: Times New Roman,serif;\"><span style=\"font-size: medium;\">COMPOSITION &#8211; Alcool de bl\u00e9, Huiles essentielles bio (10%): Menthe poivr\u00e9e, Citron, Orange douce,\u00a0Eucalyptus, Patchouli, G\u00e9ranium,\u00a0C\u00e8dre.<\/span><\/span><\/p>\n<p align=\"JUSTIFY\"><span style=\"font-family: Times New Roman,serif;\"><span style=\"font-size: medium;\">Parfum bio aux ingr\u00e9dients naturels, fabriqu\u00e9 en Provence &#8211; France.<\/span><\/span><\/p>\n<p style=\"text-align: justify;\"><strong>BENEFICES<\/strong>: Action bien-\u00eatre imm\u00e9diate et intense. Facile \u00e0 utiliser partout, en toute circonstance et en quelques secondes. Peut aussi \u00eatre utilis\u00e9 en vaporisation chez soi ou au bureau.<\/p>\n<p style=\"text-align: justify;\"><strong>CONDITIONNEMENT<\/strong>: Disponible dans les 14 couleurs. Flacon individuel de 30ml.<\/p>\n<p style=\"text-align: justify;\"><strong>CONTRE-INDICATION:\u00a0<\/strong>Ne convient pas aux femmes enceintes ni aux enfants de moins de 36 mois. \u00a0Ne pas s&#8217;exposer au soleil.<\/p>\n<p>&nbsp;<\/p>\n","protected":false},"excerpt":{"rendered":"<h2><em>Un parfum pour mon humeur, un soin pour mon corps.<\/em><\/h2>\n<p>&nbsp;<\/p>\n<p style=\"text-align: justify;\">Couleur de la parole, de l\u2019expression, de l\u2019\u00e9change entre les personnes, le Bleu invite \u00e0 l\u2019\u00e9loquence. Les Huiles Essentielles et la couleur qui composent cette fragrance fra\u00eeche, piquante et citronn\u00e9e am\u00e8nent imm\u00e9diatement un sentiment d\u2019apaisement et de tonicit\u00e9, qui pose et recentre.<strong><br \/>\n<\/strong><\/p>\n<p style=\"text-align: justify;\">Parfums naturels, mais aussi parfums d&#8217;olfaction, les Eaux de Parfum Altearah Bio se respirent plusieurs fois par jour, en un rituel de bien-\u00eatre. La facilit\u00e9 du geste en fait un produit \u00e0 utiliser partout et quand on veut. L&#8217;id\u00e9al est de toujours l&#8217;avoir sur soi !<\/p>\n<p style=\"text-align: justify;\">\n","protected":false},"featured_media":12061,"comment_status":"open","ping_status":"closed","template":"","meta":[],"product_cat":[52],"product_tag":[28],"_links":{"self":[{"href":"https:\/\/altearah.lu\/index.php?rest_route=\/wp\/v2\/product\/872"}],"collection":[{"href":"https:\/\/altearah.lu\/index.php?rest_route=\/wp\/v2\/product"}],"about":[{"href":"https:\/\/altearah.lu\/index.php?rest_route=\/wp\/v2\/types\/product"}],"replies":[{"embeddable":true,"href":"https:\/\/altearah.lu\/index.php?rest_route=%2Fwp%2Fv2%2Fcomments&post=872"}],"wp:featuredmedia":[{"embeddable":true,"href":"https:\/\/altearah.lu\/index.php?rest_route=\/wp\/v2\/media\/12061"}],"wp:attachment":[{"href":"https:\/\/altearah.lu\/index.php?rest_route=%2Fwp%2Fv2%2Fmedia&parent=872"}],"wp:term":[{"taxonomy":"product_cat","embeddable":true,"href":"https:\/\/altearah.lu\/index.php?rest_route=%2Fwp%2Fv2%2Fproduct_cat&post=872"},{"taxonomy":"product_tag","embeddable":true,"href":"https:\/\/altearah.lu\/index.php?rest_route=%2Fwp%2Fv2%2Fproduct_tag&post=872"}],"curies":[{"name":"wp","href":"https:\/\/api.w.org\/{rel}","templated":true}]}}