{"id":874,"date":"2015-07-26T14:07:39","date_gmt":"2015-07-26T12:07:39","guid":{"rendered":"http:\/\/192.168.90.132\/caracterre\/product\/althearah-parfums-indigo-2\/"},"modified":"2025-12-23T15:56:09","modified_gmt":"2025-12-23T13:56:09","slug":"parfum-indigo-30ml","status":"publish","type":"product","link":"https:\/\/altearah.lu\/?product=parfum-indigo-30ml","title":{"rendered":"Parfum de soin Indigo 30 ml"},"content":{"rendered":"<p style=\"text-align: justify;\"><strong>UTILISATION<\/strong>: Pour se parfumer et donner une note color\u00e9e \u00e0 sa journ\u00e9e: en vaporisation l\u00e9g\u00e8re au creux du cou et derri\u00e8re les oreilles. Pour un bien-\u00eatre instantan\u00e9: les couleurs qui se respirent avec le rituel Altearah Bio.<\/p>\n<p style=\"text-align: justify;\">&#8211; Plusieurs fois par jour, vaporiser 2 ou 3 fois dans le creux des mains<br \/>\n&#8211; Frotter pour faire \u00e9vaporer l\u2019alcool<br \/>\n&#8211; Placer les mains devant le visage<br \/>\n&#8211; Respirer profond\u00e9ment 3 fois en fermant les yeux<\/p>\n<p style=\"text-align: justify;\"><em>L\u2019information contenue dans les principes actifs est transmise au cerveau tr\u00e8s rapidement par les bulbes olfactifs. La r\u00e9action du corps est quasi imm\u00e9diate.<\/em><\/p>\n<p style=\"text-align: justify;\"><strong>COMPOSITION<\/strong>: Alcool de bl\u00e9, Huiles essentielles bio (10%):\u00a0G\u00e9ranium, Citron, C\u00e8dre, Eucalyptus, Orange douce, Patchouli.<\/p>\n<p style=\"text-align: justify;\"><strong>BENEFICES<\/strong>: Action bien-\u00eatre imm\u00e9diate et intense. Facile \u00e0 utiliser partout, en toute circonstance et en quelques secondes. Peut aussi \u00eatre utilis\u00e9 en vaporisation chez soi ou au bureau.<\/p>\n<p style=\"text-align: justify;\"><strong>CONDITIONNEMENT<\/strong>: Disponible dans les 14 couleurs. Flacon individuel de 30ml.<\/p>\n<p style=\"text-align: justify;\"><strong>CONTRE-INDICATION:\u00a0<\/strong>Ne convient pas aux femmes enceintes ni aux enfants de moins de 36 mois. \u00a0Ne pas s&#8217;exposer au soleil.<\/p>\n<p>&nbsp;<\/p>\n","protected":false},"excerpt":{"rendered":"<h2><em>Un parfum pour mon humeur, un soin pour mon corps.<\/em><\/h2>\n<p>&nbsp;<\/p>\n<p style=\"text-align: justify;\">Affinant les sens, l\u2019Indigo lib\u00e8re l\u2019esprit, offre une grande clart\u00e9 mentale, une vive acuit\u00e9 \u00e9motionnelle. Les Huiles Essentielles et la couleur qui composent cette fragrance acidul\u00e9e, poivr\u00e9e, camphr\u00e9e, comme une bouff\u00e9e d\u2019oxyg\u00e8ne dans notre t\u00eate, clarifient les id\u00e9es, d\u00e9veloppent en nous une perception plus subtile, une vision plus profonde.<strong><br \/>\n<\/strong><\/p>\n<p style=\"text-align: justify;\">Parfums naturels, mais aussi parfums d&#8217;olfaction, les Eaux de Parfum Altearah Bio se respirent plusieurs fois par jour, en un rituel de bien-\u00eatre. La facilit\u00e9 du geste en fait un produit \u00e0 utiliser partout et quand on veut. L&#8217;id\u00e9al est de toujours l&#8217;avoir sur soi !<\/p>\n<p style=\"text-align: justify;\">\n","protected":false},"featured_media":12063,"comment_status":"open","ping_status":"closed","template":"","meta":[],"product_cat":[52],"product_tag":[31],"_links":{"self":[{"href":"https:\/\/altearah.lu\/index.php?rest_route=\/wp\/v2\/product\/874"}],"collection":[{"href":"https:\/\/altearah.lu\/index.php?rest_route=\/wp\/v2\/product"}],"about":[{"href":"https:\/\/altearah.lu\/index.php?rest_route=\/wp\/v2\/types\/product"}],"replies":[{"embeddable":true,"href":"https:\/\/altearah.lu\/index.php?rest_route=%2Fwp%2Fv2%2Fcomments&post=874"}],"wp:featuredmedia":[{"embeddable":true,"href":"https:\/\/altearah.lu\/index.php?rest_route=\/wp\/v2\/media\/12063"}],"wp:attachment":[{"href":"https:\/\/altearah.lu\/index.php?rest_route=%2Fwp%2Fv2%2Fmedia&parent=874"}],"wp:term":[{"taxonomy":"product_cat","embeddable":true,"href":"https:\/\/altearah.lu\/index.php?rest_route=%2Fwp%2Fv2%2Fproduct_cat&post=874"},{"taxonomy":"product_tag","embeddable":true,"href":"https:\/\/altearah.lu\/index.php?rest_route=%2Fwp%2Fv2%2Fproduct_tag&post=874"}],"curies":[{"name":"wp","href":"https:\/\/api.w.org\/{rel}","templated":true}]}}