{"id":876,"date":"2015-08-02T14:08:28","date_gmt":"2015-08-02T12:08:28","guid":{"rendered":"http:\/\/192.168.90.132\/caracterre\/product\/althearah-parfums-or\/"},"modified":"2025-12-23T15:56:08","modified_gmt":"2025-12-23T13:56:08","slug":"parfum-or-30ml","status":"publish","type":"product","link":"https:\/\/altearah.lu\/?product=parfum-or-30ml","title":{"rendered":"Parfum de soin Or 30 ml"},"content":{"rendered":"<p style=\"text-align: justify;\"><strong>UTILISATION<\/strong>: Pour se parfumer et donner une note color\u00e9e \u00e0 sa journ\u00e9e: en vaporisation l\u00e9g\u00e8re au creux du cou et derri\u00e8re les oreilles. Pour un bien-\u00eatre instantan\u00e9: les couleurs qui se respirent avec le rituel Altearah Bio.<\/p>\n<p style=\"text-align: justify;\">&#8211; Plusieurs fois par jour, vaporiser 2 ou 3 fois dans le creux des mains<br \/>\n&#8211; Frotter pour faire \u00e9vaporer l\u2019alcool<br \/>\n&#8211; Placer les mains devant le visage<br \/>\n&#8211; Respirer profond\u00e9ment 3 fois en fermant les yeux<\/p>\n<p style=\"text-align: justify;\"><em>L\u2019information contenue dans les principes actifs est transmise au cerveau tr\u00e8s rapidement par les bulbes olfactifs. La r\u00e9action du corps est quasi imm\u00e9diate.<\/em><\/p>\n<p style=\"text-align: justify;\"><strong>COMPOSITION<\/strong>: Alcool de bl\u00e9, Huiles essentielles bio (10%): Litsea Cubeba, Orange douce, Citronnelle de Java, C\u00e8dre, C\u00e8dre, Mandarine, Patchouli.<\/p>\n<p style=\"text-align: justify;\"><strong>BENEFICES<\/strong>: Action bien-\u00eatre imm\u00e9diate et intense. Facile \u00e0 utiliser partout, en toute circonstance et en quelques secondes. Peut aussi \u00eatre utilis\u00e9 en vaporisation chez soi ou au bureau.<\/p>\n<p style=\"text-align: justify;\"><strong>CONDITIONNEMENT<\/strong>: Disponible dans les 14 couleurs. Flacon individuel de 30ml.<\/p>\n<p style=\"text-align: justify;\"><strong>CONTRE-INDICATION:\u00a0<\/strong>Ne convient pas aux femmes enceintes ni aux enfants de moins de 36 mois. \u00a0Ne pas s&#8217;exposer au soleil.<\/p>\n<p>&nbsp;<\/p>\n","protected":false},"excerpt":{"rendered":"<h2><em>Un parfum pour mon humeur, un soin pour mon corps.<\/em><\/h2>\n<p>&nbsp;<\/p>\n<p style=\"text-align: justify;\">Flamboyant et inalt\u00e9rable, faisant na\u00eetre une agr\u00e9able d\u00e9tente nerveuse, l\u2019Or redonne confiance en soi. Les Huiles Essentielles et la couleur de cette fragrance acidul\u00e9e et fleurie invitent au calme et \u00e0 la s\u00e9r\u00e9nit\u00e9. L\u2019or nous ram\u00e8ne \u00e0 l\u2019essentiel: \u00eatre soi.<strong><br \/>\n<\/strong><\/p>\n<p style=\"text-align: justify;\">Parfums naturels, mais aussi parfums d&#8217;olfaction, les Eaux de Parfum Altearah Bio se respirent plusieurs fois par jour, en un rituel de bien-\u00eatre. La facilit\u00e9 du geste en fait un produit \u00e0 utiliser partout et quand on veut. L&#8217;id\u00e9al est de toujours l&#8217;avoir sur soi !<\/p>\n<p style=\"text-align: justify;\">\n","protected":false},"featured_media":12066,"comment_status":"open","ping_status":"closed","template":"","meta":[],"product_cat":[52],"product_tag":[33],"_links":{"self":[{"href":"https:\/\/altearah.lu\/index.php?rest_route=\/wp\/v2\/product\/876"}],"collection":[{"href":"https:\/\/altearah.lu\/index.php?rest_route=\/wp\/v2\/product"}],"about":[{"href":"https:\/\/altearah.lu\/index.php?rest_route=\/wp\/v2\/types\/product"}],"replies":[{"embeddable":true,"href":"https:\/\/altearah.lu\/index.php?rest_route=%2Fwp%2Fv2%2Fcomments&post=876"}],"wp:featuredmedia":[{"embeddable":true,"href":"https:\/\/altearah.lu\/index.php?rest_route=\/wp\/v2\/media\/12066"}],"wp:attachment":[{"href":"https:\/\/altearah.lu\/index.php?rest_route=%2Fwp%2Fv2%2Fmedia&parent=876"}],"wp:term":[{"taxonomy":"product_cat","embeddable":true,"href":"https:\/\/altearah.lu\/index.php?rest_route=%2Fwp%2Fv2%2Fproduct_cat&post=876"},{"taxonomy":"product_tag","embeddable":true,"href":"https:\/\/altearah.lu\/index.php?rest_route=%2Fwp%2Fv2%2Fproduct_tag&post=876"}],"curies":[{"name":"wp","href":"https:\/\/api.w.org\/{rel}","templated":true}]}}