{"id":881,"date":"2015-07-31T14:10:27","date_gmt":"2015-07-31T12:10:27","guid":{"rendered":"http:\/\/192.168.90.132\/caracterre\/product\/althearah-parfums-vert\/"},"modified":"2026-04-15T00:04:57","modified_gmt":"2026-04-14T22:04:57","slug":"parfum-vert-30ml","status":"publish","type":"product","link":"https:\/\/altearah.lu\/?product=parfum-vert-30ml","title":{"rendered":"Parfum de soin Vert 30 ml"},"content":{"rendered":"<p style=\"text-align: justify;\"><strong>UTILISATION<\/strong>: Pour se parfumer et donner une note color\u00e9e \u00e0 sa journ\u00e9e: en vaporisation l\u00e9g\u00e8re au creux du cou et derri\u00e8re les oreilles. Pour un bien-\u00eatre instantan\u00e9: les couleurs qui se respirent avec le rituel Altearah Bio.<\/p>\n<p style=\"text-align: justify;\">&#8211; Plusieurs fois par jour, vaporiser 2 ou 3 fois dans le creux des mains<br \/>\n&#8211; Frotter pour faire \u00e9vaporer l\u2019alcool<br \/>\n&#8211; Placer les mains devant le visage<br \/>\n&#8211; Respirer profond\u00e9ment 3 fois en fermant les yeux<\/p>\n<p style=\"text-align: justify;\"><em>L\u2019information contenue dans les principes actifs est transmise au cerveau tr\u00e8s rapidement par les bulbes olfactifs. La r\u00e9action du corps est quasi imm\u00e9diate.<\/em><\/p>\n<p style=\"text-align: justify;\"><strong>COMPOSITION<\/strong>: Alcool de bl\u00e9, Huiles essentielles bio (10%):\u00a0Eucalyptus, Citronnelle, C\u00e8dre, Orange douce, Pin, citron, Romarin, Patchouli, Palmarosa, G\u00e9ranium, Lavande.<\/p>\n<p style=\"text-align: justify;\"><strong>BENEFICES<\/strong>: Action bien-\u00eatre imm\u00e9diate et intense. Facile \u00e0 utiliser partout, en toute circonstance et en quelques secondes. Peut aussi \u00eatre utilis\u00e9 en vaporisation chez soi ou au bureau.<\/p>\n<p style=\"text-align: justify;\"><strong>CONDITIONNEMENT<\/strong>: Disponible dans les 14 couleurs. Flacon individuel de 30ml.<\/p>\n<p style=\"text-align: justify;\"><strong>CONTRE-INDICATION:\u00a0<\/strong>Ne convient pas aux femmes enceintes ni aux enfants de moins de 36 mois. \u00a0Ne pas s&#8217;exposer au soleil.<\/p>\n<p>&nbsp;<\/p>\n","protected":false},"excerpt":{"rendered":"<h2><em>Un parfum pour mon humeur, un soin pour mon corps.<\/em><\/h2>\n<p>&nbsp;<\/p>\n<p style=\"text-align: justify;\">Synonyme d\u2019esp\u00e9rance, le vert incite \u00e0 accueillir la nouveaut\u00e9 et favorise la prise de d\u00e9cision. Le vert repr\u00e9sente la fra\u00eecheur, le renouveau, la spontan\u00e9it\u00e9, le choix, l\u2019ouverture \u00e0 la nouveaut\u00e9.<strong><br \/>\n<\/strong><\/p>\n<p style=\"text-align: justify;\">Parfums naturels, mais aussi parfums d&#8217;olfaction, les Eaux de Parfum Altearah Bio se respirent plusieurs fois par jour, en un rituel de bien-\u00eatre. La facilit\u00e9 du geste en fait un produit \u00e0 utiliser partout et quand on veut. L&#8217;id\u00e9al est de toujours l&#8217;avoir sur soi !<\/p>\n<p style=\"text-align: justify;\">\n","protected":false},"featured_media":12072,"comment_status":"open","ping_status":"closed","template":"","meta":[],"product_cat":[518,52],"product_tag":[39],"_links":{"self":[{"href":"https:\/\/altearah.lu\/index.php?rest_route=\/wp\/v2\/product\/881"}],"collection":[{"href":"https:\/\/altearah.lu\/index.php?rest_route=\/wp\/v2\/product"}],"about":[{"href":"https:\/\/altearah.lu\/index.php?rest_route=\/wp\/v2\/types\/product"}],"replies":[{"embeddable":true,"href":"https:\/\/altearah.lu\/index.php?rest_route=%2Fwp%2Fv2%2Fcomments&post=881"}],"wp:featuredmedia":[{"embeddable":true,"href":"https:\/\/altearah.lu\/index.php?rest_route=\/wp\/v2\/media\/12072"}],"wp:attachment":[{"href":"https:\/\/altearah.lu\/index.php?rest_route=%2Fwp%2Fv2%2Fmedia&parent=881"}],"wp:term":[{"taxonomy":"product_cat","embeddable":true,"href":"https:\/\/altearah.lu\/index.php?rest_route=%2Fwp%2Fv2%2Fproduct_cat&post=881"},{"taxonomy":"product_tag","embeddable":true,"href":"https:\/\/altearah.lu\/index.php?rest_route=%2Fwp%2Fv2%2Fproduct_tag&post=881"}],"curies":[{"name":"wp","href":"https:\/\/api.w.org\/{rel}","templated":true}]}}