{"id":901,"date":"2015-03-12T15:51:54","date_gmt":"2015-03-12T13:51:54","guid":{"rendered":"http:\/\/192.168.90.132\/caracterre\/product\/althearah-huile-blanc\/"},"modified":"2026-04-07T08:59:26","modified_gmt":"2026-04-07T06:59:26","slug":"huile-blanc-100ml","status":"publish","type":"product","link":"https:\/\/altearah.lu\/?product=huile-blanc-100ml","title":{"rendered":"Huile de soin Blanc 100 ml"},"content":{"rendered":"<p align=\"JUSTIFY\"><span style=\"font-family: Times New Roman,serif;\"><span style=\"font-size: medium;\">COMMENT LES UTILISER &#8211;<\/span><\/span><\/p>\n<p align=\"JUSTIFY\"><span style=\"font-family: Times New Roman,serif;\"><span style=\"font-size: medium;\">* Matin et soir, sur tout le corps, apr\u00e8s la douche, au cours d&#8217;un long moment de plaisir pour soi, appliquez lentement sur la peau. <\/span><\/span><\/p>\n<p align=\"JUSTIFY\"><span style=\"font-family: Times New Roman,serif;\"><span style=\"font-size: medium;\">* Ou bien en massage, par impr\u00e9gnation progressive, pour une action en douceur.<\/span><\/span><\/p>\n<p align=\"JUSTIFY\"><span style=\"font-family: Times New Roman,serif;\"><span style=\"font-size: medium;\">* Et m\u00eame en masque sur des cheveux trop secs, l&#8217;\u00e9t\u00e9 par exemple !<\/span><\/span><\/p>\n<p align=\"JUSTIFY\"><span style=\"font-family: Times New Roman,serif;\"><span style=\"font-size: medium;\">Elles peuvent aussi, au cours d&#8217;une cure, \u00eatre combin\u00e9es avec les Eaux de Parfum ou les S\u00e9rums, pour des actions larges sur le corps et l&#8217;esprit. <\/span><\/span><\/p>\n<p align=\"JUSTIFY\"><span style=\"font-family: Times New Roman,serif;\"><span style=\"font-size: medium;\">COMPOSITION &#8211;\u00a0Huile de s\u00e9same (50 %), huile de noyau d&#8217;abricot (40 %) Huiles essentielles (10 %): Tea Tree, C\u00e8dre, Lavande, Orange douce<\/span><\/span><\/p>\n<p style=\"text-align: justify;\"><strong>CONTRE-INDICATION:\u00a0<\/strong>Ne convient pas aux femmes enceintes ni aux enfants de moins de 36 mois. \u00a0Ne pas s&#8217;exposer au soleil.<\/p>\n<p>&nbsp;<\/p>\n","protected":false},"excerpt":{"rendered":"<h2 style=\"text-align: justify;\"><em>Des couleurs pour une peau douce et vivante<\/em><\/h2>\n<h2 style=\"text-align: justify;\"><em>\u00a0<\/em><\/h2>\n<p style=\"text-align: justify;\">Avec le Blanc, le corps est plus net, revitalis\u00e9 et purifi\u00e9, comme \u00abr\u00e9-harmonis\u00e9\u00bb. Les Huiles Essentielles et la couleur qui composent cette fragrance apportent un grand sentiment de puret\u00e9 et de revitalisation.<\/p>\n<p style=\"text-align: justify;\">Tr\u00e8s douces au toucher, ne laissant pas de sensation de gras, les Huiles Visage et Corps s\u2019utilisent sur l\u2019ensemble du corps, pour entretenir l\u2019hydratation et la tonicit\u00e9 de l\u2019\u00e9piderme, nourrir, r\u00e9parer, adoucir. Elles permettent de ressentir profond\u00e9ment tout au long de la journ\u00e9e le b\u00e9n\u00e9fice de la couleur, et apportent des bienfaits pr\u00e9cieux pour la peau.<\/p>\n","protected":false},"featured_media":12038,"comment_status":"open","ping_status":"closed","template":"","meta":[],"product_cat":[49],"product_tag":[27],"_links":{"self":[{"href":"https:\/\/altearah.lu\/index.php?rest_route=\/wp\/v2\/product\/901"}],"collection":[{"href":"https:\/\/altearah.lu\/index.php?rest_route=\/wp\/v2\/product"}],"about":[{"href":"https:\/\/altearah.lu\/index.php?rest_route=\/wp\/v2\/types\/product"}],"replies":[{"embeddable":true,"href":"https:\/\/altearah.lu\/index.php?rest_route=%2Fwp%2Fv2%2Fcomments&post=901"}],"wp:featuredmedia":[{"embeddable":true,"href":"https:\/\/altearah.lu\/index.php?rest_route=\/wp\/v2\/media\/12038"}],"wp:attachment":[{"href":"https:\/\/altearah.lu\/index.php?rest_route=%2Fwp%2Fv2%2Fmedia&parent=901"}],"wp:term":[{"taxonomy":"product_cat","embeddable":true,"href":"https:\/\/altearah.lu\/index.php?rest_route=%2Fwp%2Fv2%2Fproduct_cat&post=901"},{"taxonomy":"product_tag","embeddable":true,"href":"https:\/\/altearah.lu\/index.php?rest_route=%2Fwp%2Fv2%2Fproduct_tag&post=901"}],"curies":[{"name":"wp","href":"https:\/\/api.w.org\/{rel}","templated":true}]}}