{"id":903,"date":"2015-03-17T15:52:58","date_gmt":"2015-03-17T13:52:58","guid":{"rendered":"http:\/\/192.168.90.132\/caracterre\/product\/althearah-huile-emeraude\/"},"modified":"2025-12-23T15:55:01","modified_gmt":"2025-12-23T13:55:01","slug":"huile-emeraude-100ml","status":"publish","type":"product","link":"https:\/\/altearah.lu\/?product=huile-emeraude-100ml","title":{"rendered":"Huile de soin Emeraude 100 ml"},"content":{"rendered":"<p style=\"text-align: justify;\"><strong>UTILISATION<\/strong>: Pour prendre soin de sa peau: matin et soir apr\u00e8s la douche pour une peau souple, vivante et satin\u00e9e. Il est possible de s\u2019habiller tout de suite apr\u00e8s l\u2019application, car elles ne collent pas. En massage: sur tout le corps, leur action est douce, par impr\u00e9gnation progressive. Il est aussi possible de les utiliser sur les cheveux, en masque, pour des cheveux tr\u00e8s secs, ou durant l\u2019\u00e9t\u00e9 quand les cheveux sont dess\u00e9ch\u00e9s par le soleil et l\u2019eau de mer.<\/p>\n<p style=\"text-align: justify;\"><strong>COMPOSITION<\/strong>: Huile de s\u00e9same (50 %), huile de noyau d&#8217;abricot (40 %) Huiles essentielles (10 %): Pin, Citron, Lavandin, Orange douce, Bergamote, Clou de Girofle, Romarin, Mandarine, Eucalyptus.<\/p>\n<p style=\"text-align: justify;\"><strong>BENEFICES<\/strong>: L\u2019huile de chanvre est une huile naturellement \u00ab s\u00e8che \u00bb, elle ne graisse que tr\u00e8s peu la peau. Elle permet une meilleure tol\u00e9rance cutan\u00e9e des huiles essentielles, et facilite la p\u00e9n\u00e9tration des principes actifs en augmentant leur efficacit\u00e9<\/p>\n<p style=\"text-align: justify;\"><strong>CONDITIONNEMENT<\/strong>: Disponible dans les 14 couleurs. Flacon pipette individuel: 15ml. Flacon pompe : 50ml (uniquement dans les couleurs Pourpre, Orange et Argent).<\/p>\n<p style=\"text-align: justify;\"><strong>CONTRE-INDICATION:\u00a0<\/strong>Ne convient pas aux femmes enceintes ni aux enfants de moins de 36 mois. \u00a0Ne pas s&#8217;exposer au soleil.<\/p>\n<p>&nbsp;<\/p>\n","protected":false},"excerpt":{"rendered":"<h2 style=\"text-align: justify;\"><em>Des couleurs pour une peau douce et vivante<\/em><\/h2>\n<h2 style=\"text-align: justify;\"><em>\u00a0<\/em><\/h2>\n<p style=\"text-align: justify;\">L\u2019\u00c9meraude reconstitue un espace vital protecteur, pour \u00e9chapper aux pressions de toutes sortes. Les Huiles Essentielles et la couleur de cette fragrance fra\u00eeche et oxyg\u00e9nante nous emm\u00e8nent prendre un grand bol d\u2019air, pour redescendre parmi les autres r\u00e9g\u00e9n\u00e9r\u00e9 et disponible.<\/p>\n<p style=\"text-align: justify;\">Tr\u00e8s douces au toucher, ne laissant pas de sensation de gras, les Huiles Visage et Corps s\u2019utilisent sur l\u2019ensemble du corps, pour entretenir l\u2019hydratation et la tonicit\u00e9 de l\u2019\u00e9piderme, nourrir, r\u00e9parer, adoucir. Elles permettent de ressentir profond\u00e9ment tout au long de la journ\u00e9e le b\u00e9n\u00e9fice de la couleur, et apportent des bienfaits pr\u00e9cieux pour la peau.<\/p>\n","protected":false},"featured_media":12040,"comment_status":"open","ping_status":"closed","template":"","meta":[],"product_cat":[49],"product_tag":[29],"_links":{"self":[{"href":"https:\/\/altearah.lu\/index.php?rest_route=\/wp\/v2\/product\/903"}],"collection":[{"href":"https:\/\/altearah.lu\/index.php?rest_route=\/wp\/v2\/product"}],"about":[{"href":"https:\/\/altearah.lu\/index.php?rest_route=\/wp\/v2\/types\/product"}],"replies":[{"embeddable":true,"href":"https:\/\/altearah.lu\/index.php?rest_route=%2Fwp%2Fv2%2Fcomments&post=903"}],"wp:featuredmedia":[{"embeddable":true,"href":"https:\/\/altearah.lu\/index.php?rest_route=\/wp\/v2\/media\/12040"}],"wp:attachment":[{"href":"https:\/\/altearah.lu\/index.php?rest_route=%2Fwp%2Fv2%2Fmedia&parent=903"}],"wp:term":[{"taxonomy":"product_cat","embeddable":true,"href":"https:\/\/altearah.lu\/index.php?rest_route=%2Fwp%2Fv2%2Fproduct_cat&post=903"},{"taxonomy":"product_tag","embeddable":true,"href":"https:\/\/altearah.lu\/index.php?rest_route=%2Fwp%2Fv2%2Fproduct_tag&post=903"}],"curies":[{"name":"wp","href":"https:\/\/api.w.org\/{rel}","templated":true}]}}