{"id":9498,"date":"2017-01-19T17:23:24","date_gmt":"2017-01-19T15:23:24","guid":{"rendered":"http:\/\/altearah.be\/?post_type=product&#038;p=9498"},"modified":"2025-12-23T15:49:45","modified_gmt":"2025-12-23T13:49:45","slug":"concentre-de-soin-roll-on-05-ml-argent","status":"publish","type":"product","link":"https:\/\/altearah.lu\/?product=concentre-de-soin-roll-on-05-ml-argent","title":{"rendered":"Concentr\u00e9 de soin Roll on 05 ml Argent"},"content":{"rendered":"<p style=\"text-align: justify;\">COMMENT LES UTILISER &#8211; V\u00e9ritables concentr\u00e9s d&#8217;\u00e9nergie, les Concentr\u00e9s\u00a0s&#8217;utilisent ponctuellement ou en cure de 15 jours maximum, sur des points pr\u00e9cis ou des zones sp\u00e9cifiques, en fonction de la couleur choisie. Leur action profonde et intense permet d&#8217;obtenir des am\u00e9liorations rapides.<\/p>\n<p style=\"text-align: justify;\">COMPOSITION:\u00a0h\u00e9lichryse, lavande, orange douce, g\u00e9ranium<\/p>\n<p style=\"text-align: justify;\">Symbolique: \u00e9nergie de la lune, de polarit\u00e9 f\u00e9minine, r\u00e9inscrivant les choses dans un ordre universel. \u00a0R\u00e9ajuste, rassemble, restructure et aligne les champs \u00e9nerg\u00e9tiques apr\u00e8s un choc, un traumatisme physique, \u00e9nerg\u00e9tique, \u00e9motionnel ou psychologique r\u00e9cent ou ancien.<\/p>\n<p style=\"text-align: justify;\">\n","protected":false},"excerpt":{"rendered":"<p style=\"text-align: justify;\">Fortement concentr\u00e9s en huiles essentielles, 3 fois plus que les Parfums de soin, les Concentr\u00e9s de soin parfument avec douceur et sensualit\u00e9. \u00a0Ils s&#8217;utilisent en application locale, sur des points pr\u00e9cis ou des zones sp\u00e9cifiques et en cures courtes. \u00a0Leur action est tr\u00e8s puissante.<\/p>\n<p style=\"text-align: justify;\">Quelques gouttes sur les poignets, frottez-les pour faire p\u00e9n\u00e9trer le Concentr\u00e9 et respirez.<\/p>\n<p style=\"text-align: justify;\">Appliquez sur des zones pr\u00e9cises, ils r\u00e9solvent des probl\u00e9matiques profondes.<\/p>\n","protected":false},"featured_media":9500,"comment_status":"closed","ping_status":"closed","template":"","meta":[],"product_cat":[51],"product_tag":[25],"_links":{"self":[{"href":"https:\/\/altearah.lu\/index.php?rest_route=\/wp\/v2\/product\/9498"}],"collection":[{"href":"https:\/\/altearah.lu\/index.php?rest_route=\/wp\/v2\/product"}],"about":[{"href":"https:\/\/altearah.lu\/index.php?rest_route=\/wp\/v2\/types\/product"}],"replies":[{"embeddable":true,"href":"https:\/\/altearah.lu\/index.php?rest_route=%2Fwp%2Fv2%2Fcomments&post=9498"}],"wp:featuredmedia":[{"embeddable":true,"href":"https:\/\/altearah.lu\/index.php?rest_route=\/wp\/v2\/media\/9500"}],"wp:attachment":[{"href":"https:\/\/altearah.lu\/index.php?rest_route=%2Fwp%2Fv2%2Fmedia&parent=9498"}],"wp:term":[{"taxonomy":"product_cat","embeddable":true,"href":"https:\/\/altearah.lu\/index.php?rest_route=%2Fwp%2Fv2%2Fproduct_cat&post=9498"},{"taxonomy":"product_tag","embeddable":true,"href":"https:\/\/altearah.lu\/index.php?rest_route=%2Fwp%2Fv2%2Fproduct_tag&post=9498"}],"curies":[{"name":"wp","href":"https:\/\/api.w.org\/{rel}","templated":true}]}}