{"id":9513,"date":"2017-01-20T15:07:18","date_gmt":"2017-01-20T13:07:18","guid":{"rendered":"http:\/\/altearah.be\/?product=altearah-concentre-de-soin-roll-on-05-ml-blanc"},"modified":"2026-04-07T08:58:53","modified_gmt":"2026-04-07T06:58:53","slug":"concentre-de-soin-roll-on-05-ml-blanc","status":"publish","type":"product","link":"https:\/\/altearah.lu\/?product=concentre-de-soin-roll-on-05-ml-blanc","title":{"rendered":"Concentr\u00e9 de soin Roll on 05 ml Blanc"},"content":{"rendered":"<p>COMMENT LES UTILISER &#8211; V\u00e9ritables concentr\u00e9s d&#8217;\u00e9nergie, les Concentr\u00e9s de soin\u00a0s&#8217;utilisent ponctuellement ou en cure de 15 jours maximum, sur des points pr\u00e9cis ou des zones sp\u00e9cifiques, en fonction de la couleur choisie. Leur action profonde et intense permet d&#8217;obtenir des am\u00e9liorations rapides.<\/p>\n<p>COMPOSITION: tea tree, c\u00e8dre, lavande, orange douce<\/p>\n<p style=\"text-align: justify;\">Symbolique:\u00a0puret\u00e9, transparence, d\u00e9pouillement<\/p>\n<p style=\"text-align: justify;\">\n","protected":false},"excerpt":{"rendered":"<p style=\"text-align: justify;\">Fortement concentr\u00e9s en huiles essentielles, 3 fois plus que les Parfums de soin, les Concentr\u00e9s de soin parfument avec douceur et sensualit\u00e9. \u00a0Ils s&#8217;utilisent en application locale, sur des points pr\u00e9cis ou des zones sp\u00e9cifiques et en cures courtes. \u00a0Leur action est tr\u00e8s puissante.<\/p>\n<p style=\"text-align: justify;\">Quelques gouttes sur les poignets, frottez-les pour faire p\u00e9n\u00e9trer le Concentr\u00e9 et respirez.<\/p>\n<p style=\"text-align: justify;\">Appliquez sur des zones pr\u00e9cises, ils r\u00e9solvent des probl\u00e9matiques profondes.<\/p>\n","protected":false},"featured_media":9499,"comment_status":"closed","ping_status":"closed","template":"","meta":[],"product_cat":[51],"product_tag":[27],"_links":{"self":[{"href":"https:\/\/altearah.lu\/index.php?rest_route=\/wp\/v2\/product\/9513"}],"collection":[{"href":"https:\/\/altearah.lu\/index.php?rest_route=\/wp\/v2\/product"}],"about":[{"href":"https:\/\/altearah.lu\/index.php?rest_route=\/wp\/v2\/types\/product"}],"replies":[{"embeddable":true,"href":"https:\/\/altearah.lu\/index.php?rest_route=%2Fwp%2Fv2%2Fcomments&post=9513"}],"wp:featuredmedia":[{"embeddable":true,"href":"https:\/\/altearah.lu\/index.php?rest_route=\/wp\/v2\/media\/9499"}],"wp:attachment":[{"href":"https:\/\/altearah.lu\/index.php?rest_route=%2Fwp%2Fv2%2Fmedia&parent=9513"}],"wp:term":[{"taxonomy":"product_cat","embeddable":true,"href":"https:\/\/altearah.lu\/index.php?rest_route=%2Fwp%2Fv2%2Fproduct_cat&post=9513"},{"taxonomy":"product_tag","embeddable":true,"href":"https:\/\/altearah.lu\/index.php?rest_route=%2Fwp%2Fv2%2Fproduct_tag&post=9513"}],"curies":[{"name":"wp","href":"https:\/\/api.w.org\/{rel}","templated":true}]}}