{"id":9521,"date":"2017-01-20T15:14:10","date_gmt":"2017-01-20T13:14:10","guid":{"rendered":"http:\/\/altearah.be\/?product=altearah-concentre-de-soin-roll-on-5-ml-vert"},"modified":"2026-04-15T00:04:57","modified_gmt":"2026-04-14T22:04:57","slug":"concentre-de-soin-roll-on-5-ml-vert","status":"publish","type":"product","link":"https:\/\/altearah.lu\/?product=concentre-de-soin-roll-on-5-ml-vert","title":{"rendered":"Concentr\u00e9 de soin Roll on 5 ml Vert"},"content":{"rendered":"<p style=\"text-align: justify;\">COMMENT LES UTILISER &#8211; V\u00e9ritables concentr\u00e9s d&#8217;\u00e9nergie, les concentr\u00e9s de soin s&#8217;utilisent ponctuellement ou en cure de 15 jours maximum, sur des points pr\u00e9cis ou des zones sp\u00e9cifiques, en fonction de la couleur choisie. Leur action profonde et intense permet d&#8217;obtenir des am\u00e9liorations rapides.<\/p>\n<p style=\"text-align: justify;\">COMPOSITION: Eucalyptus, Citronnelle, C\u00e8dre, Orange douce, Pin, citron, Romarin, Patchouli, Palmarosa, G\u00e9ranium, Lavande<\/p>\n","protected":false},"excerpt":{"rendered":"<p style=\"text-align: justify;\">Fortement concentr\u00e9s en huiles essentielles, 3 fois plus que les Parfums de soin, les Concentr\u00e9s de soin parfument avec douceur et sensualit\u00e9. \u00a0Ils s&#8217;utilisent en application locale, sur des points pr\u00e9cis ou des zones sp\u00e9cifiques et en cures courtes. \u00a0Leur action est tr\u00e8s puissante.<\/p>\n<p style=\"text-align: justify;\">Quelques gouttes sur les poignets, frottez-les pour faire p\u00e9n\u00e9trer le Concentr\u00e9 et respirez.<\/p>\n<p style=\"text-align: justify;\">Appliquez sur des zones pr\u00e9cises, ils r\u00e9solvent des probl\u00e9matiques profondes.<\/p>\n","protected":false},"featured_media":9507,"comment_status":"closed","ping_status":"closed","template":"","meta":[],"product_cat":[518,51],"product_tag":[39],"_links":{"self":[{"href":"https:\/\/altearah.lu\/index.php?rest_route=\/wp\/v2\/product\/9521"}],"collection":[{"href":"https:\/\/altearah.lu\/index.php?rest_route=\/wp\/v2\/product"}],"about":[{"href":"https:\/\/altearah.lu\/index.php?rest_route=\/wp\/v2\/types\/product"}],"replies":[{"embeddable":true,"href":"https:\/\/altearah.lu\/index.php?rest_route=%2Fwp%2Fv2%2Fcomments&post=9521"}],"wp:featuredmedia":[{"embeddable":true,"href":"https:\/\/altearah.lu\/index.php?rest_route=\/wp\/v2\/media\/9507"}],"wp:attachment":[{"href":"https:\/\/altearah.lu\/index.php?rest_route=%2Fwp%2Fv2%2Fmedia&parent=9521"}],"wp:term":[{"taxonomy":"product_cat","embeddable":true,"href":"https:\/\/altearah.lu\/index.php?rest_route=%2Fwp%2Fv2%2Fproduct_cat&post=9521"},{"taxonomy":"product_tag","embeddable":true,"href":"https:\/\/altearah.lu\/index.php?rest_route=%2Fwp%2Fv2%2Fproduct_tag&post=9521"}],"curies":[{"name":"wp","href":"https:\/\/api.w.org\/{rel}","templated":true}]}}