{"id":9526,"date":"2017-01-20T15:17:29","date_gmt":"2017-01-20T13:17:29","guid":{"rendered":"http:\/\/altearah.be\/?product=altearah-concentre-de-soin-roll-on-5-ml-pourpre"},"modified":"2025-12-23T15:49:45","modified_gmt":"2025-12-23T13:49:45","slug":"concentre-de-soin-roll-on-5-ml-pourpre","status":"publish","type":"product","link":"https:\/\/altearah.lu\/?product=concentre-de-soin-roll-on-5-ml-pourpre","title":{"rendered":"Concentr\u00e9 de soin Roll on 5 ml Pourpre"},"content":{"rendered":"<p>COMMENT LES UTILISER &#8211; V\u00e9ritables concentr\u00e9s d&#8217;\u00e9nergie, les concentr\u00e9s de soin s&#8217;utilisent ponctuellement ou en cure de 15 jours maximum, sur des points pr\u00e9cis ou des zones sp\u00e9cifiques, en fonction de la couleur choisie. Leur action profonde et intense permet d&#8217;obtenir des am\u00e9liorations rapides.<\/p>\n<p>COMPOSITION: C\u00e8dre, Lavandin, Patchouli, Clou de Girofle, Orange douce, Bergamote, G\u00e9ranium, Romarin officinal, Geni\u00e8vre<\/p>\n<p>&nbsp;<\/p>\n","protected":false},"excerpt":{"rendered":"<p style=\"text-align: justify;\">Fortement concentr\u00e9s en huiles essentielles, 3 fois plus que les Parfums de soin, les Concentr\u00e9s de soin parfument avec douceur et sensualit\u00e9. \u00a0Ils s&#8217;utilisent en application locale, sur des points pr\u00e9cis ou des zones sp\u00e9cifiques et en cures courtes. \u00a0Leur action est tr\u00e8s puissante.<\/p>\n<p style=\"text-align: justify;\">Quelques gouttes sur les poignets, frottez-les pour faire p\u00e9n\u00e9trer le Concentr\u00e9 et respirez.<\/p>\n<p style=\"text-align: justify;\">Appliquez sur des zones pr\u00e9cises, ils r\u00e9solvent des probl\u00e9matiques profondes.<\/p>\n","protected":false},"featured_media":9502,"comment_status":"closed","ping_status":"closed","template":"","meta":[],"product_cat":[51],"product_tag":[35],"_links":{"self":[{"href":"https:\/\/altearah.lu\/index.php?rest_route=\/wp\/v2\/product\/9526"}],"collection":[{"href":"https:\/\/altearah.lu\/index.php?rest_route=\/wp\/v2\/product"}],"about":[{"href":"https:\/\/altearah.lu\/index.php?rest_route=\/wp\/v2\/types\/product"}],"replies":[{"embeddable":true,"href":"https:\/\/altearah.lu\/index.php?rest_route=%2Fwp%2Fv2%2Fcomments&post=9526"}],"wp:featuredmedia":[{"embeddable":true,"href":"https:\/\/altearah.lu\/index.php?rest_route=\/wp\/v2\/media\/9502"}],"wp:attachment":[{"href":"https:\/\/altearah.lu\/index.php?rest_route=%2Fwp%2Fv2%2Fmedia&parent=9526"}],"wp:term":[{"taxonomy":"product_cat","embeddable":true,"href":"https:\/\/altearah.lu\/index.php?rest_route=%2Fwp%2Fv2%2Fproduct_cat&post=9526"},{"taxonomy":"product_tag","embeddable":true,"href":"https:\/\/altearah.lu\/index.php?rest_route=%2Fwp%2Fv2%2Fproduct_tag&post=9526"}],"curies":[{"name":"wp","href":"https:\/\/api.w.org\/{rel}","templated":true}]}}