{"id":9760,"date":"2017-09-26T13:16:10","date_gmt":"2017-09-26T11:16:10","guid":{"rendered":"http:\/\/altearah.be\/?post_type=product&#038;p=9760"},"modified":"2025-12-23T15:46:16","modified_gmt":"2025-12-23T13:46:16","slug":"pochette-14-concentres-de-soin-5-ml-roll-on","status":"publish","type":"product","link":"https:\/\/altearah.lu\/?product=pochette-14-concentres-de-soin-5-ml-roll-on","title":{"rendered":"Pochette 14 Concentr\u00e9s de soin 5 ml Roll on"},"content":{"rendered":"","protected":false},"excerpt":{"rendered":"<p style=\"text-align: justify;\">Les 14 Concentr\u00e9s de soin 5 ml Roll on, \u00e0 pr\u00e9sent disponibles en coffret!<\/p>\n","protected":false},"featured_media":23960,"comment_status":"closed","ping_status":"closed","template":"","meta":[],"product_cat":[51,44],"product_tag":[25,27,28,29,31,32,33,34,35,36,37,173,39,41],"_links":{"self":[{"href":"https:\/\/altearah.lu\/index.php?rest_route=\/wp\/v2\/product\/9760"}],"collection":[{"href":"https:\/\/altearah.lu\/index.php?rest_route=\/wp\/v2\/product"}],"about":[{"href":"https:\/\/altearah.lu\/index.php?rest_route=\/wp\/v2\/types\/product"}],"replies":[{"embeddable":true,"href":"https:\/\/altearah.lu\/index.php?rest_route=%2Fwp%2Fv2%2Fcomments&post=9760"}],"wp:featuredmedia":[{"embeddable":true,"href":"https:\/\/altearah.lu\/index.php?rest_route=\/wp\/v2\/media\/23960"}],"wp:attachment":[{"href":"https:\/\/altearah.lu\/index.php?rest_route=%2Fwp%2Fv2%2Fmedia&parent=9760"}],"wp:term":[{"taxonomy":"product_cat","embeddable":true,"href":"https:\/\/altearah.lu\/index.php?rest_route=%2Fwp%2Fv2%2Fproduct_cat&post=9760"},{"taxonomy":"product_tag","embeddable":true,"href":"https:\/\/altearah.lu\/index.php?rest_route=%2Fwp%2Fv2%2Fproduct_tag&post=9760"}],"curies":[{"name":"wp","href":"https:\/\/api.w.org\/{rel}","templated":true}]}}