{"id":9970,"date":"2017-11-09T12:12:48","date_gmt":"2017-11-09T10:12:48","guid":{"rendered":"http:\/\/altearah.be\/?product=altearah-brume-visage-indigo-200-ml"},"modified":"2025-12-23T15:52:12","modified_gmt":"2025-12-23T13:52:12","slug":"brume-visage-indigo-150-ml","status":"publish","type":"product","link":"https:\/\/altearah.lu\/?product=brume-visage-indigo-150-ml","title":{"rendered":"Brume visage Indigo 100 ml"},"content":{"rendered":"<h3 style=\"text-align: justify;\">Au-del\u00e0 du soin&#8230; \u00a0La cosm\u00e9tique visage intelligente<\/h3>\n<h5 style=\"text-align: justify;\">L&#8217;expertise couleur<\/h5>\n<p style=\"text-align: justify;\">Chaque couleur inspire un soin, une \u00e9tape de beaut\u00e9 et de bien-\u00eatre. \u00a0Six couleurs pour 6 b\u00e9n\u00e9fices cl\u00e9s: Blanc (puret\u00e9), Indigo (clart\u00e9), Turquoise (s\u00e9r\u00e9nit\u00e9), Argent (r\u00e9paration), Polychrome (sublime).<\/p>\n<h5 style=\"text-align: justify;\">La cosm\u00e9tique intelligente<\/h5>\n<p style=\"text-align: justify;\">Un concentr\u00e9 d&#8217;actifs ultra-performants, pour un r\u00e9sultat sur-mesure. \u00a0SUBLIME, 1\u00e8re Cr\u00e8me NeuroActive BIO, r\u00e9apprend \u00e0 votre peau \u00e0 fonctionner et pr\u00e9serve ses &#8220;m\u00e9canismes jeunesse&#8221;.<\/p>\n<h5 style=\"text-align: justify;\">Un rituel quotidien<\/h5>\n<p style=\"text-align: justify;\">Un produit, une couleur, une action. \u00a0Une gamme compl\u00e8te pour tout type de peau. \u00a0Des produits \u00e0 utiliser seuls ou en synergie.<\/p>\n<p style=\"text-align: justify;\">\n","protected":false},"excerpt":{"rendered":"<p class=\"Standard\"><span lang=\"FR\" style=\"font-size: 11.0pt; font-family: 'Myriad Pro Light',sans-serif;\">La Brume CLARTE stimule, repulpe et prot\u00e8ge l&#8217;\u00e9piderme. Un geste rafra\u00eechissant et tonifiant pour un instant de bien-\u00eatre \u00e9motionnel Indigo.<\/span><span lang=\"FR\" style=\"font-size: 11.0pt; font-family: 'Myriad Pro Light',sans-serif;\">\u00a0<\/span><\/p>\n<p class=\"Standard\"><span lang=\"FR\" style=\"font-size: 11.0pt; font-family: 'Myriad Pro Light',sans-serif;\">Matin et soir, 3 \u00e0 4 pulv\u00e9risations pour un \u00e9clat parfait du teint et apr\u00e8s le nettoyage avec la Mousse PURETE. Tout au long de la journ\u00e9e, m\u00eame sur une peau maquill\u00e9e, pour rafra\u00eechir le teint et compl\u00e9ter l&#8217;hydratation.<\/span><span lang=\"FR\" style=\"font-size: 11.0pt; font-family: 'Myriad Pro Light',sans-serif;\">\u00a0<\/span><\/p>\n<p class=\"Standard\"><span lang=\"FR\" style=\"font-size: 11.0pt; font-family: 'Myriad Pro Light',sans-serif;\">Agitez avant emploi. Ne pas avaler. Usage externe. Tenir hors de la port\u00e9e des enfants. Ne pas pulv\u00e9riser dans les yeux.\u00a0\u00a0La faible concentration en huiles essentielles en fait un produit adapt\u00e9 aux femmes enceintes.<\/span><\/p>\n","protected":false},"featured_media":26229,"comment_status":"closed","ping_status":"closed","template":"","meta":[],"product_cat":[43],"product_tag":[31],"_links":{"self":[{"href":"https:\/\/altearah.lu\/index.php?rest_route=\/wp\/v2\/product\/9970"}],"collection":[{"href":"https:\/\/altearah.lu\/index.php?rest_route=\/wp\/v2\/product"}],"about":[{"href":"https:\/\/altearah.lu\/index.php?rest_route=\/wp\/v2\/types\/product"}],"replies":[{"embeddable":true,"href":"https:\/\/altearah.lu\/index.php?rest_route=%2Fwp%2Fv2%2Fcomments&post=9970"}],"wp:featuredmedia":[{"embeddable":true,"href":"https:\/\/altearah.lu\/index.php?rest_route=\/wp\/v2\/media\/26229"}],"wp:attachment":[{"href":"https:\/\/altearah.lu\/index.php?rest_route=%2Fwp%2Fv2%2Fmedia&parent=9970"}],"wp:term":[{"taxonomy":"product_cat","embeddable":true,"href":"https:\/\/altearah.lu\/index.php?rest_route=%2Fwp%2Fv2%2Fproduct_cat&post=9970"},{"taxonomy":"product_tag","embeddable":true,"href":"https:\/\/altearah.lu\/index.php?rest_route=%2Fwp%2Fv2%2Fproduct_tag&post=9970"}],"curies":[{"name":"wp","href":"https:\/\/api.w.org\/{rel}","templated":true}]}}